{"id":367,"date":"2020-05-22T11:59:34","date_gmt":"2020-05-22T09:59:34","guid":{"rendered":"http:\/\/hoteldefrance-ornans.com\/?page_id=367"},"modified":"2023-02-22T15:23:15","modified_gmt":"2023-02-22T14:23:15","slug":"tastings","status":"publish","type":"page","link":"https:\/\/www.hoteldefrance-ornans.com\/en\/tastings\/","title":{"rendered":"Tastings"},"content":{"rendered":"\n<p>Natural wine is made from grapes cultivated using ecological agriculture and no additives. Natural wine invites you to develop your palate while respecting biodiversity and the environment. Discover one of the gems of the Bourgogne-Franche-Comt\u00e9 region: <strong>wine<\/strong>. H\u00f4tel de France in Ornans invites you to taste the <strong>best natural wines and spirits of the region<\/strong>. These tasting events are a passion of Patrick\u2019s, owner of the H\u00f4tel de France and a <strong>natural wine<\/strong> enthusiast. In a friendly atmosphere, learn how to taste wine, smell its aromas and read its colour, under the guidance of a passionate wine expert.<\/p>\n\n\n\n<p>Natural wine is made from grapes cultivated using ecological agriculture and no additives. Natural wine invites you to develop your palate while respecting biodiversity and the environment. Natural wine is made from grapes cultivated using ecological agriculture and no additives. Natural wine invites you to develop your palate while respecting biodiversity and the environment.<\/p>\n","protected":false},"excerpt":{"rendered":"<p>Natural wine is made from grapes cultivated using ecological agriculture and no additives. Natural wine invites you to develop your palate while respecting biodiversity and the environment. Discover one of the gems of the Bourgogne-Franche-Comt\u00e9 region: wine. H\u00f4tel de France in Ornans invites you to taste the best natural wines and spirits of the region. [&hellip;]<\/p>\n","protected":false},"author":1,"featured_media":0,"parent":0,"menu_order":0,"comment_status":"closed","ping_status":"closed","template":"","meta":{"_acf_changed":false,"footnotes":""},"class_list":["post-367","page","type-page","status-publish","hentry"],"acf":[],"yoast_head":"<!-- This site is optimized with the Yoast SEO plugin v25.8 - https:\/\/yoast.com\/wordpress\/plugins\/seo\/ -->\n<title>Tastings - Natural Wines and Local Spirits - H\u00f4tel de France<\/title>\n<meta name=\"description\" content=\"Discover one of the gems of the Bourgogne-Franche-Comt\u00e9 region: wine. H\u00f4tel de France in Ornans invites you to discover natural wines and local spirits.\" \/>\n<meta name=\"robots\" content=\"index, follow, max-snippet:-1, max-image-preview:large, max-video-preview:-1\" \/>\n<link rel=\"canonical\" href=\"https:\/\/www.hoteldefrance-ornans.com\/soirees-degustation\/\" \/>\n<meta property=\"og:locale\" content=\"en_US\" \/>\n<meta property=\"og:type\" content=\"article\" \/>\n<meta property=\"og:title\" content=\"Tastings - Natural Wines and Local Spirits - H\u00f4tel de France\" \/>\n<meta property=\"og:description\" content=\"Discover one of the gems of the Bourgogne-Franche-Comt\u00e9 region: wine. H\u00f4tel de France in Ornans invites you to discover natural wines and local spirits.\" \/>\n<meta property=\"og:url\" content=\"https:\/\/www.hoteldefrance-ornans.com\/soirees-degustation\/\" \/>\n<meta property=\"og:site_name\" content=\"Hotel de France in Ornans\" \/>\n<meta property=\"article:modified_time\" content=\"2023-02-22T14:23:15+00:00\" \/>\n<meta name=\"twitter:card\" content=\"summary_large_image\" \/>\n<meta name=\"twitter:label1\" content=\"Est. reading time\" \/>\n\t<meta name=\"twitter:data1\" content=\"1 minute\" \/>\n<script type=\"application\/ld+json\" class=\"yoast-schema-graph\">{\"@context\":\"https:\/\/schema.org\",\"@graph\":[{\"@type\":\"WebPage\",\"@id\":\"https:\/\/www.hoteldefrance-ornans.com\/soirees-degustation\/\",\"url\":\"https:\/\/www.hoteldefrance-ornans.com\/soirees-degustation\/\",\"name\":\"Tastings - Natural Wines and Local Spirits - H\u00f4tel de France\",\"isPartOf\":{\"@id\":\"https:\/\/www.hoteldefrance-ornans.com\/#website\"},\"datePublished\":\"2020-05-22T09:59:34+00:00\",\"dateModified\":\"2023-02-22T14:23:15+00:00\",\"description\":\"Discover one of the gems of the Bourgogne-Franche-Comt\u00e9 region: wine. H\u00f4tel de France in Ornans invites you to discover natural wines and local spirits.\",\"breadcrumb\":{\"@id\":\"https:\/\/www.hoteldefrance-ornans.com\/soirees-degustation\/#breadcrumb\"},\"inLanguage\":\"en-US\",\"potentialAction\":[{\"@type\":\"ReadAction\",\"target\":[\"https:\/\/www.hoteldefrance-ornans.com\/soirees-degustation\/\"]}]},{\"@type\":\"BreadcrumbList\",\"@id\":\"https:\/\/www.hoteldefrance-ornans.com\/soirees-degustation\/#breadcrumb\",\"itemListElement\":[{\"@type\":\"ListItem\",\"position\":1,\"name\":\"Home\",\"item\":\"https:\/\/www.hoteldefrance-ornans.com\/en\/\"},{\"@type\":\"ListItem\",\"position\":2,\"name\":\"Tastings\"}]},{\"@type\":\"WebSite\",\"@id\":\"https:\/\/www.hoteldefrance-ornans.com\/#website\",\"url\":\"https:\/\/www.hoteldefrance-ornans.com\/\",\"name\":\"Hotel de France in Ornans\",\"description\":\"A site using WordPress\",\"potentialAction\":[{\"@type\":\"SearchAction\",\"target\":{\"@type\":\"EntryPoint\",\"urlTemplate\":\"https:\/\/www.hoteldefrance-ornans.com\/?s={search_term_string}\"},\"query-input\":{\"@type\":\"PropertyValueSpecification\",\"valueRequired\":true,\"valueName\":\"search_term_string\"}}],\"inLanguage\":\"en-US\"}]}<\/script>\n<!-- \/ Yoast SEO plugin. -->","yoast_head_json":{"title":"Tastings - Natural Wines and Local Spirits - H\u00f4tel de France","description":"Discover one of the gems of the Bourgogne-Franche-Comt\u00e9 region: wine. H\u00f4tel de France in Ornans invites you to discover natural wines and local spirits.","robots":{"index":"index","follow":"follow","max-snippet":"max-snippet:-1","max-image-preview":"max-image-preview:large","max-video-preview":"max-video-preview:-1"},"canonical":"https:\/\/www.hoteldefrance-ornans.com\/soirees-degustation\/","og_locale":"en_US","og_type":"article","og_title":"Tastings - Natural Wines and Local Spirits - H\u00f4tel de France","og_description":"Discover one of the gems of the Bourgogne-Franche-Comt\u00e9 region: wine. H\u00f4tel de France in Ornans invites you to discover natural wines and local spirits.","og_url":"https:\/\/www.hoteldefrance-ornans.com\/soirees-degustation\/","og_site_name":"Hotel de France in Ornans","article_modified_time":"2023-02-22T14:23:15+00:00","twitter_card":"summary_large_image","twitter_misc":{"Est. reading time":"1 minute"},"schema":{"@context":"https:\/\/schema.org","@graph":[{"@type":"WebPage","@id":"https:\/\/www.hoteldefrance-ornans.com\/soirees-degustation\/","url":"https:\/\/www.hoteldefrance-ornans.com\/soirees-degustation\/","name":"Tastings - Natural Wines and Local Spirits - H\u00f4tel de France","isPartOf":{"@id":"https:\/\/www.hoteldefrance-ornans.com\/#website"},"datePublished":"2020-05-22T09:59:34+00:00","dateModified":"2023-02-22T14:23:15+00:00","description":"Discover one of the gems of the Bourgogne-Franche-Comt\u00e9 region: wine. H\u00f4tel de France in Ornans invites you to discover natural wines and local spirits.","breadcrumb":{"@id":"https:\/\/www.hoteldefrance-ornans.com\/soirees-degustation\/#breadcrumb"},"inLanguage":"en-US","potentialAction":[{"@type":"ReadAction","target":["https:\/\/www.hoteldefrance-ornans.com\/soirees-degustation\/"]}]},{"@type":"BreadcrumbList","@id":"https:\/\/www.hoteldefrance-ornans.com\/soirees-degustation\/#breadcrumb","itemListElement":[{"@type":"ListItem","position":1,"name":"Home","item":"https:\/\/www.hoteldefrance-ornans.com\/en\/"},{"@type":"ListItem","position":2,"name":"Tastings"}]},{"@type":"WebSite","@id":"https:\/\/www.hoteldefrance-ornans.com\/#website","url":"https:\/\/www.hoteldefrance-ornans.com\/","name":"Hotel de France in Ornans","description":"A site using WordPress","potentialAction":[{"@type":"SearchAction","target":{"@type":"EntryPoint","urlTemplate":"https:\/\/www.hoteldefrance-ornans.com\/?s={search_term_string}"},"query-input":{"@type":"PropertyValueSpecification","valueRequired":true,"valueName":"search_term_string"}}],"inLanguage":"en-US"}]}},"_links":{"self":[{"href":"https:\/\/www.hoteldefrance-ornans.com\/en\/wp-json\/wp\/v2\/pages\/367","targetHints":{"allow":["GET"]}}],"collection":[{"href":"https:\/\/www.hoteldefrance-ornans.com\/en\/wp-json\/wp\/v2\/pages"}],"about":[{"href":"https:\/\/www.hoteldefrance-ornans.com\/en\/wp-json\/wp\/v2\/types\/page"}],"author":[{"embeddable":true,"href":"https:\/\/www.hoteldefrance-ornans.com\/en\/wp-json\/wp\/v2\/users\/1"}],"replies":[{"embeddable":true,"href":"https:\/\/www.hoteldefrance-ornans.com\/en\/wp-json\/wp\/v2\/comments?post=367"}],"version-history":[{"count":4,"href":"https:\/\/www.hoteldefrance-ornans.com\/en\/wp-json\/wp\/v2\/pages\/367\/revisions"}],"predecessor-version":[{"id":710,"href":"https:\/\/www.hoteldefrance-ornans.com\/en\/wp-json\/wp\/v2\/pages\/367\/revisions\/710"}],"wp:attachment":[{"href":"https:\/\/www.hoteldefrance-ornans.com\/en\/wp-json\/wp\/v2\/media?parent=367"}],"curies":[{"name":"wp","href":"https:\/\/api.w.org\/{rel}","templated":true}]}}