{"id":365,"date":"2020-05-22T11:58:45","date_gmt":"2020-05-22T09:58:45","guid":{"rendered":"http:\/\/hoteldefrance-ornans.com\/?page_id=365"},"modified":"2023-04-25T10:54:56","modified_gmt":"2023-04-25T08:54:56","slug":"single-night-stay","status":"publish","type":"page","link":"https:\/\/www.hoteldefrance-ornans.com\/en\/single-night-stay\/","title":{"rendered":"Single Night Stay"},"content":{"rendered":"\n<p>Between Besan\u00e7on and Pontarlier, H\u00f4tel de France offers a charming setting and attractive packages for a <strong>single night stay.<\/strong> We offer single night stays in the Jura foothills for<strong> business trips.<\/strong> The package includes one night in the hotel, dinner in our <a href=\"https:\/\/www.hoteldefrance-ornans.com\r\n\/en\/restaurant\/\">restaurant<\/a> and <a href=\"https:\/\/www.hoteldefrance-ornans.com\r\n\/en\/breakfast\/\">breakfast<\/a> for \u20ac115.<\/p>\n\n\n\n<p>Our recently renovated H\u00f4tel de France features <a href=\"https:\/\/www.hoteldefrance-ornans.com\r\n\/en\/our-rooms\/\">spacious rooms<\/a> with a simple, refined decor. Our premium rooms are fully equipped with all the comfort you need during your business trip. Air-conditioning, flat screen TV, we have thought of everything so you can rest during your stay.<\/p>\n","protected":false},"excerpt":{"rendered":"<p>Between Besan\u00e7on and Pontarlier, H\u00f4tel de France offers a charming setting and attractive packages for a single night stay. We offer single night stays in the Jura foothills for business trips. The package includes one night in the hotel, dinner in our restaurant and breakfast for \u20ac115. Our recently renovated H\u00f4tel de France features spacious [&hellip;]<\/p>\n","protected":false},"author":1,"featured_media":0,"parent":0,"menu_order":0,"comment_status":"closed","ping_status":"closed","template":"","meta":{"_acf_changed":false,"footnotes":""},"class_list":["post-365","page","type-page","status-publish","hentry"],"acf":[],"yoast_head":"<!-- This site is optimized with the Yoast SEO plugin v25.8 - https:\/\/yoast.com\/wordpress\/plugins\/seo\/ -->\n<title>Single Night Stay in Ornans in the Doubs (25), near Jura Mountains - H\u00f4tel de France<\/title>\n<meta name=\"description\" content=\"Between Besan\u00e7on and Pontarlier, H\u00f4tel de France single night packages with dinner and breakfast for only \u20ac105, ideal for business trips.\" \/>\n<meta name=\"robots\" content=\"index, follow, max-snippet:-1, max-image-preview:large, max-video-preview:-1\" \/>\n<link rel=\"canonical\" href=\"https:\/\/www.hoteldefrance-ornans.com\/soiree-etape\/\" \/>\n<meta property=\"og:locale\" content=\"en_US\" \/>\n<meta property=\"og:type\" content=\"article\" \/>\n<meta property=\"og:title\" content=\"Single Night Stay in Ornans in the Doubs (25), near Jura Mountains - H\u00f4tel de France\" \/>\n<meta property=\"og:description\" content=\"Between Besan\u00e7on and Pontarlier, H\u00f4tel de France single night packages with dinner and breakfast for only \u20ac105, ideal for business trips.\" \/>\n<meta property=\"og:url\" content=\"https:\/\/www.hoteldefrance-ornans.com\/soiree-etape\/\" \/>\n<meta property=\"og:site_name\" content=\"Hotel de France in Ornans\" \/>\n<meta property=\"article:modified_time\" content=\"2023-04-25T08:54:56+00:00\" \/>\n<meta name=\"twitter:card\" content=\"summary_large_image\" \/>\n<script type=\"application\/ld+json\" class=\"yoast-schema-graph\">{\"@context\":\"https:\/\/schema.org\",\"@graph\":[{\"@type\":\"WebPage\",\"@id\":\"https:\/\/www.hoteldefrance-ornans.com\/soiree-etape\/\",\"url\":\"https:\/\/www.hoteldefrance-ornans.com\/soiree-etape\/\",\"name\":\"Single Night Stay in Ornans in the Doubs (25), near Jura Mountains - H\u00f4tel de France\",\"isPartOf\":{\"@id\":\"https:\/\/www.hoteldefrance-ornans.com\/#website\"},\"datePublished\":\"2020-05-22T09:58:45+00:00\",\"dateModified\":\"2023-04-25T08:54:56+00:00\",\"description\":\"Between Besan\u00e7on and Pontarlier, H\u00f4tel de France single night packages with dinner and breakfast for only \u20ac105, ideal for business trips.\",\"breadcrumb\":{\"@id\":\"https:\/\/www.hoteldefrance-ornans.com\/soiree-etape\/#breadcrumb\"},\"inLanguage\":\"en-US\",\"potentialAction\":[{\"@type\":\"ReadAction\",\"target\":[\"https:\/\/www.hoteldefrance-ornans.com\/soiree-etape\/\"]}]},{\"@type\":\"BreadcrumbList\",\"@id\":\"https:\/\/www.hoteldefrance-ornans.com\/soiree-etape\/#breadcrumb\",\"itemListElement\":[{\"@type\":\"ListItem\",\"position\":1,\"name\":\"Home\",\"item\":\"https:\/\/www.hoteldefrance-ornans.com\/en\/\"},{\"@type\":\"ListItem\",\"position\":2,\"name\":\"Single Night Stay\"}]},{\"@type\":\"WebSite\",\"@id\":\"https:\/\/www.hoteldefrance-ornans.com\/#website\",\"url\":\"https:\/\/www.hoteldefrance-ornans.com\/\",\"name\":\"Hotel de France in Ornans\",\"description\":\"A site using WordPress\",\"potentialAction\":[{\"@type\":\"SearchAction\",\"target\":{\"@type\":\"EntryPoint\",\"urlTemplate\":\"https:\/\/www.hoteldefrance-ornans.com\/?s={search_term_string}\"},\"query-input\":{\"@type\":\"PropertyValueSpecification\",\"valueRequired\":true,\"valueName\":\"search_term_string\"}}],\"inLanguage\":\"en-US\"}]}<\/script>\n<!-- \/ Yoast SEO plugin. -->","yoast_head_json":{"title":"Single Night Stay in Ornans in the Doubs (25), near Jura Mountains - H\u00f4tel de France","description":"Between Besan\u00e7on and Pontarlier, H\u00f4tel de France single night packages with dinner and breakfast for only \u20ac105, ideal for business trips.","robots":{"index":"index","follow":"follow","max-snippet":"max-snippet:-1","max-image-preview":"max-image-preview:large","max-video-preview":"max-video-preview:-1"},"canonical":"https:\/\/www.hoteldefrance-ornans.com\/soiree-etape\/","og_locale":"en_US","og_type":"article","og_title":"Single Night Stay in Ornans in the Doubs (25), near Jura Mountains - H\u00f4tel de France","og_description":"Between Besan\u00e7on and Pontarlier, H\u00f4tel de France single night packages with dinner and breakfast for only \u20ac105, ideal for business trips.","og_url":"https:\/\/www.hoteldefrance-ornans.com\/soiree-etape\/","og_site_name":"Hotel de France in Ornans","article_modified_time":"2023-04-25T08:54:56+00:00","twitter_card":"summary_large_image","schema":{"@context":"https:\/\/schema.org","@graph":[{"@type":"WebPage","@id":"https:\/\/www.hoteldefrance-ornans.com\/soiree-etape\/","url":"https:\/\/www.hoteldefrance-ornans.com\/soiree-etape\/","name":"Single Night Stay in Ornans in the Doubs (25), near Jura Mountains - H\u00f4tel de France","isPartOf":{"@id":"https:\/\/www.hoteldefrance-ornans.com\/#website"},"datePublished":"2020-05-22T09:58:45+00:00","dateModified":"2023-04-25T08:54:56+00:00","description":"Between Besan\u00e7on and Pontarlier, H\u00f4tel de France single night packages with dinner and breakfast for only \u20ac105, ideal for business trips.","breadcrumb":{"@id":"https:\/\/www.hoteldefrance-ornans.com\/soiree-etape\/#breadcrumb"},"inLanguage":"en-US","potentialAction":[{"@type":"ReadAction","target":["https:\/\/www.hoteldefrance-ornans.com\/soiree-etape\/"]}]},{"@type":"BreadcrumbList","@id":"https:\/\/www.hoteldefrance-ornans.com\/soiree-etape\/#breadcrumb","itemListElement":[{"@type":"ListItem","position":1,"name":"Home","item":"https:\/\/www.hoteldefrance-ornans.com\/en\/"},{"@type":"ListItem","position":2,"name":"Single Night Stay"}]},{"@type":"WebSite","@id":"https:\/\/www.hoteldefrance-ornans.com\/#website","url":"https:\/\/www.hoteldefrance-ornans.com\/","name":"Hotel de France in Ornans","description":"A site using WordPress","potentialAction":[{"@type":"SearchAction","target":{"@type":"EntryPoint","urlTemplate":"https:\/\/www.hoteldefrance-ornans.com\/?s={search_term_string}"},"query-input":{"@type":"PropertyValueSpecification","valueRequired":true,"valueName":"search_term_string"}}],"inLanguage":"en-US"}]}},"_links":{"self":[{"href":"https:\/\/www.hoteldefrance-ornans.com\/en\/wp-json\/wp\/v2\/pages\/365","targetHints":{"allow":["GET"]}}],"collection":[{"href":"https:\/\/www.hoteldefrance-ornans.com\/en\/wp-json\/wp\/v2\/pages"}],"about":[{"href":"https:\/\/www.hoteldefrance-ornans.com\/en\/wp-json\/wp\/v2\/types\/page"}],"author":[{"embeddable":true,"href":"https:\/\/www.hoteldefrance-ornans.com\/en\/wp-json\/wp\/v2\/users\/1"}],"replies":[{"embeddable":true,"href":"https:\/\/www.hoteldefrance-ornans.com\/en\/wp-json\/wp\/v2\/comments?post=365"}],"version-history":[{"count":6,"href":"https:\/\/www.hoteldefrance-ornans.com\/en\/wp-json\/wp\/v2\/pages\/365\/revisions"}],"predecessor-version":[{"id":891,"href":"https:\/\/www.hoteldefrance-ornans.com\/en\/wp-json\/wp\/v2\/pages\/365\/revisions\/891"}],"wp:attachment":[{"href":"https:\/\/www.hoteldefrance-ornans.com\/en\/wp-json\/wp\/v2\/media?parent=365"}],"curies":[{"name":"wp","href":"https:\/\/api.w.org\/{rel}","templated":true}]}}