{"id":267,"date":"2020-05-22T11:31:04","date_gmt":"2020-05-22T09:31:04","guid":{"rendered":"http:\/\/hoteldefrance-ornans.com\/?page_id=267"},"modified":"2023-02-23T12:34:03","modified_gmt":"2023-02-23T11:34:03","slug":"apartment-hotel","status":"publish","type":"page","link":"https:\/\/www.hoteldefrance-ornans.com\/en\/apartment-hotel\/","title":{"rendered":"Apartment Hotel"},"content":{"rendered":"\n<p>For business trips or tourism, H\u00f4tel de France in Ornans will soon provide an <strong>apartment hotel<\/strong>. Our simple and elegant, completely renovated apartment hotel provides all the comfort you will need.<\/p>\n\n\n\n<p>Our apartment hotel for <strong>short or long-term<\/strong> rental is fully equipped. Kitchenette, flat screen TV, wifi, we have everything to make your stay in Ornans special. During your stay, <strong>our hotel and laundry services<\/strong> will be at your disposal. The hotel&#8217;s bar and restaurant are also available for business trips.<\/p>\n","protected":false},"excerpt":{"rendered":"<p>For business trips or tourism, H\u00f4tel de France in Ornans will soon provide an apartment hotel. Our simple and elegant, completely renovated apartment hotel provides all the comfort you will need. Our apartment hotel for short or long-term rental is fully equipped. Kitchenette, flat screen TV, wifi, we have everything to make your stay in [&hellip;]<\/p>\n","protected":false},"author":1,"featured_media":0,"parent":0,"menu_order":0,"comment_status":"closed","ping_status":"closed","template":"","meta":{"_acf_changed":false,"footnotes":""},"class_list":["post-267","page","type-page","status-publish","hentry"],"acf":[],"yoast_head":"<!-- This site is optimized with the Yoast SEO plugin v25.8 - https:\/\/yoast.com\/wordpress\/plugins\/seo\/ -->\n<title>Apartment Hotel near Besan\u00e7on, in the Doubs in Ornans - H\u00f4tel de France<\/title>\n<meta name=\"description\" content=\"For business trips, H\u00f4tel de France in Ornans offers apartments and other hotel amenities.\" \/>\n<meta name=\"robots\" content=\"index, follow, max-snippet:-1, max-image-preview:large, max-video-preview:-1\" \/>\n<link rel=\"canonical\" href=\"https:\/\/www.hoteldefrance-ornans.com\/appart-hotel\/\" \/>\n<meta property=\"og:locale\" content=\"en_US\" \/>\n<meta property=\"og:type\" content=\"article\" \/>\n<meta property=\"og:title\" content=\"Apartment Hotel near Besan\u00e7on, in the Doubs in Ornans - H\u00f4tel de France\" \/>\n<meta property=\"og:description\" content=\"For business trips, H\u00f4tel de France in Ornans offers apartments and other hotel amenities.\" \/>\n<meta property=\"og:url\" content=\"https:\/\/www.hoteldefrance-ornans.com\/appart-hotel\/\" \/>\n<meta property=\"og:site_name\" content=\"Hotel de France in Ornans\" \/>\n<meta property=\"article:modified_time\" content=\"2023-02-23T11:34:03+00:00\" \/>\n<meta name=\"twitter:card\" content=\"summary_large_image\" \/>\n<meta name=\"twitter:label1\" content=\"Est. reading time\" \/>\n\t<meta name=\"twitter:data1\" content=\"1 minute\" \/>\n<script type=\"application\/ld+json\" class=\"yoast-schema-graph\">{\"@context\":\"https:\/\/schema.org\",\"@graph\":[{\"@type\":\"WebPage\",\"@id\":\"https:\/\/www.hoteldefrance-ornans.com\/appart-hotel\/\",\"url\":\"https:\/\/www.hoteldefrance-ornans.com\/appart-hotel\/\",\"name\":\"Apartment Hotel near Besan\u00e7on, in the Doubs in Ornans - H\u00f4tel de France\",\"isPartOf\":{\"@id\":\"https:\/\/www.hoteldefrance-ornans.com\/#website\"},\"datePublished\":\"2020-05-22T09:31:04+00:00\",\"dateModified\":\"2023-02-23T11:34:03+00:00\",\"description\":\"For business trips, H\u00f4tel de France in Ornans offers apartments and other hotel amenities.\",\"breadcrumb\":{\"@id\":\"https:\/\/www.hoteldefrance-ornans.com\/appart-hotel\/#breadcrumb\"},\"inLanguage\":\"en-US\",\"potentialAction\":[{\"@type\":\"ReadAction\",\"target\":[\"https:\/\/www.hoteldefrance-ornans.com\/appart-hotel\/\"]}]},{\"@type\":\"BreadcrumbList\",\"@id\":\"https:\/\/www.hoteldefrance-ornans.com\/appart-hotel\/#breadcrumb\",\"itemListElement\":[{\"@type\":\"ListItem\",\"position\":1,\"name\":\"Home\",\"item\":\"https:\/\/www.hoteldefrance-ornans.com\/en\/\"},{\"@type\":\"ListItem\",\"position\":2,\"name\":\"Apartment Hotel\"}]},{\"@type\":\"WebSite\",\"@id\":\"https:\/\/www.hoteldefrance-ornans.com\/#website\",\"url\":\"https:\/\/www.hoteldefrance-ornans.com\/\",\"name\":\"Hotel de France in Ornans\",\"description\":\"A site using WordPress\",\"potentialAction\":[{\"@type\":\"SearchAction\",\"target\":{\"@type\":\"EntryPoint\",\"urlTemplate\":\"https:\/\/www.hoteldefrance-ornans.com\/?s={search_term_string}\"},\"query-input\":{\"@type\":\"PropertyValueSpecification\",\"valueRequired\":true,\"valueName\":\"search_term_string\"}}],\"inLanguage\":\"en-US\"}]}<\/script>\n<!-- \/ Yoast SEO plugin. -->","yoast_head_json":{"title":"Apartment Hotel near Besan\u00e7on, in the Doubs in Ornans - H\u00f4tel de France","description":"For business trips, H\u00f4tel de France in Ornans offers apartments and other hotel amenities.","robots":{"index":"index","follow":"follow","max-snippet":"max-snippet:-1","max-image-preview":"max-image-preview:large","max-video-preview":"max-video-preview:-1"},"canonical":"https:\/\/www.hoteldefrance-ornans.com\/appart-hotel\/","og_locale":"en_US","og_type":"article","og_title":"Apartment Hotel near Besan\u00e7on, in the Doubs in Ornans - H\u00f4tel de France","og_description":"For business trips, H\u00f4tel de France in Ornans offers apartments and other hotel amenities.","og_url":"https:\/\/www.hoteldefrance-ornans.com\/appart-hotel\/","og_site_name":"Hotel de France in Ornans","article_modified_time":"2023-02-23T11:34:03+00:00","twitter_card":"summary_large_image","twitter_misc":{"Est. reading time":"1 minute"},"schema":{"@context":"https:\/\/schema.org","@graph":[{"@type":"WebPage","@id":"https:\/\/www.hoteldefrance-ornans.com\/appart-hotel\/","url":"https:\/\/www.hoteldefrance-ornans.com\/appart-hotel\/","name":"Apartment Hotel near Besan\u00e7on, in the Doubs in Ornans - H\u00f4tel de France","isPartOf":{"@id":"https:\/\/www.hoteldefrance-ornans.com\/#website"},"datePublished":"2020-05-22T09:31:04+00:00","dateModified":"2023-02-23T11:34:03+00:00","description":"For business trips, H\u00f4tel de France in Ornans offers apartments and other hotel amenities.","breadcrumb":{"@id":"https:\/\/www.hoteldefrance-ornans.com\/appart-hotel\/#breadcrumb"},"inLanguage":"en-US","potentialAction":[{"@type":"ReadAction","target":["https:\/\/www.hoteldefrance-ornans.com\/appart-hotel\/"]}]},{"@type":"BreadcrumbList","@id":"https:\/\/www.hoteldefrance-ornans.com\/appart-hotel\/#breadcrumb","itemListElement":[{"@type":"ListItem","position":1,"name":"Home","item":"https:\/\/www.hoteldefrance-ornans.com\/en\/"},{"@type":"ListItem","position":2,"name":"Apartment Hotel"}]},{"@type":"WebSite","@id":"https:\/\/www.hoteldefrance-ornans.com\/#website","url":"https:\/\/www.hoteldefrance-ornans.com\/","name":"Hotel de France in Ornans","description":"A site using WordPress","potentialAction":[{"@type":"SearchAction","target":{"@type":"EntryPoint","urlTemplate":"https:\/\/www.hoteldefrance-ornans.com\/?s={search_term_string}"},"query-input":{"@type":"PropertyValueSpecification","valueRequired":true,"valueName":"search_term_string"}}],"inLanguage":"en-US"}]}},"_links":{"self":[{"href":"https:\/\/www.hoteldefrance-ornans.com\/en\/wp-json\/wp\/v2\/pages\/267","targetHints":{"allow":["GET"]}}],"collection":[{"href":"https:\/\/www.hoteldefrance-ornans.com\/en\/wp-json\/wp\/v2\/pages"}],"about":[{"href":"https:\/\/www.hoteldefrance-ornans.com\/en\/wp-json\/wp\/v2\/types\/page"}],"author":[{"embeddable":true,"href":"https:\/\/www.hoteldefrance-ornans.com\/en\/wp-json\/wp\/v2\/users\/1"}],"replies":[{"embeddable":true,"href":"https:\/\/www.hoteldefrance-ornans.com\/en\/wp-json\/wp\/v2\/comments?post=267"}],"version-history":[{"count":4,"href":"https:\/\/www.hoteldefrance-ornans.com\/en\/wp-json\/wp\/v2\/pages\/267\/revisions"}],"predecessor-version":[{"id":704,"href":"https:\/\/www.hoteldefrance-ornans.com\/en\/wp-json\/wp\/v2\/pages\/267\/revisions\/704"}],"wp:attachment":[{"href":"https:\/\/www.hoteldefrance-ornans.com\/en\/wp-json\/wp\/v2\/media?parent=267"}],"curies":[{"name":"wp","href":"https:\/\/api.w.org\/{rel}","templated":true}]}}