{"id":738,"date":"2023-02-23T11:36:25","date_gmt":"2023-02-23T10:36:25","guid":{"rendered":"https:\/\/www.hoteldefrance-ornans.com\r\n\/?page_id=738"},"modified":"2023-02-23T12:19:50","modified_gmt":"2023-02-23T11:19:50","slug":"fliegenfischen","status":"publish","type":"page","link":"https:\/\/www.hoteldefrance-ornans.com\/de\/fliegenfischen\/","title":{"rendered":"Fliegenfischen"},"content":{"rendered":"\n<p>Das f\u00fcr <strong>Fluss- und Sportfischerei<\/strong> bekannte Loue-Tal bietet Ihnen eine au\u00dfergew\u00f6hnliche Umgebung, in der Sie allein, mit Freunden, der Familie oder Mitarbeitenden Ihrer Leidenschaft nachgehen k\u00f6nnen. Aufgrund ihres klaren Wassers und ihrer gr\u00fcnen Vegetation beherbergt die Loue einen der letzten wilden Forellenst\u00e4mme Europas: die <strong>Zebraforelle Fario de la Loue<\/strong>.<\/p>\n\n\n<div class=\"wp-block-image\">\n<figure class=\"aligncenter size-large\"><img loading=\"lazy\" decoding=\"async\" width=\"1024\" height=\"682\" src=\"http:\/\/hoteldefrance-ornans.com\/wp-content\/uploads\/2020\/05\/fond_peche-1024x682.jpg\" alt=\"P\u00eache \u00e0 la mouche - parcours no-kill priv\u00e9\" class=\"wp-image-136\" srcset=\"https:\/\/www.hoteldefrance-ornans.com\/wp-content\/uploads\/2020\/05\/fond_peche-1024x682.jpg 1024w, https:\/\/www.hoteldefrance-ornans.com\/wp-content\/uploads\/2020\/05\/fond_peche-300x200.jpg 300w, https:\/\/www.hoteldefrance-ornans.com\/wp-content\/uploads\/2020\/05\/fond_peche-768x511.jpg 768w, https:\/\/www.hoteldefrance-ornans.com\/wp-content\/uploads\/2020\/05\/fond_peche-1536x1022.jpg 1536w, https:\/\/www.hoteldefrance-ornans.com\/wp-content\/uploads\/2020\/05\/fond_peche.jpg 1920w\" sizes=\"auto, (max-width: 1024px) 100vw, 1024px\" \/><\/figure><\/div>\n\n\n<p>Das H\u00f4tel de France in Ornans ist seit jeher ein Ort, der sich bei Fliegenfischern au\u00dferordentlicher Beliebtheit erfreut.<\/p>\n\n\n\n<p>In Zusammenarbeit mit einem \u00f6rtlichen Guide bietet das H\u00f4tel de France auch <strong>gef\u00fchrte Angeltouren<\/strong> an, bei denen Sie gemeinsam die besten Spots f\u00fcrs Fliegenfischen am Doubs entdecken. Unsere <strong>Tagesausfl\u00fcge zur Einf\u00fchrung in eine Angeltechnik, bei der Fische gefangen und freigelassen werden<\/strong>,bieten Erwachsenen und Kindern die Gelegenheit, den Fluss und <a href=\"https:\/\/www.hoteldefrance-ornans.com\r\n\/de\/loue-tal\/\">das Loue-Tal<\/a> auf ungew\u00f6hnliche und originelle Weise zu entdecken, w\u00e4hrend sie vom Fachwissen eines lokalen Guides profitieren.<\/p>\n\n\n\n<p>Um das Fliegenfischen im Loue-Tal ausgiebig zu genie\u00dfen, bietet Ihnen der <a href=\"https:\/\/www.hoteldefrance-ornans.com\r\n\/de\/restaurant\/\">Restaurantservice des H\u00f4tel de France in Ornans<\/a> kalte Platten und <strong>Picknickk\u00f6rbe<\/strong> f\u00fcr ein leckeres Mittagessen. Equipment steht Ihnen vor Ort ebenfalls zur Verf\u00fcgung. <strong>Angelruten f\u00fcr Kinder und Erwachsene<\/strong> k\u00f6nnen gemietet werden. In Zusammenarbeit mit lokalen Anbietern verkaufen wir vor Ort <strong>Fliegen<\/strong> (K\u00f6der) f\u00fcr Ihren rundum gelungenen Angelausflug. Nach Ihrer R\u00fcckkehr k\u00f6nnen Sie Ihre Ausr\u00fcstung zum Trocknen bei uns abgeben.<\/p>\n\n\n\n<p><\/p>\n","protected":false},"excerpt":{"rendered":"<p>Das f\u00fcr Fluss- und Sportfischerei bekannte Loue-Tal bietet Ihnen eine au\u00dfergew\u00f6hnliche Umgebung, in der Sie allein, mit Freunden, der Familie oder Mitarbeitenden Ihrer Leidenschaft nachgehen k\u00f6nnen. Aufgrund ihres klaren Wassers und ihrer gr\u00fcnen Vegetation beherbergt die Loue einen der letzten wilden Forellenst\u00e4mme Europas: die Zebraforelle Fario de la Loue. Das H\u00f4tel de France in Ornans [&hellip;]<\/p>\n","protected":false},"author":1,"featured_media":0,"parent":0,"menu_order":0,"comment_status":"closed","ping_status":"closed","template":"","meta":{"_acf_changed":false,"footnotes":""},"class_list":["post-738","page","type-page","status-publish","hentry"],"acf":[],"yoast_head":"<!-- This site is optimized with the Yoast SEO plugin v25.8 - https:\/\/yoast.com\/wordpress\/plugins\/seo\/ -->\n<title>Fliegenfischen in Ornans im Doubs (25), in der N\u00e4he des Juras - H\u00f4tel de France<\/title>\n<meta name=\"description\" content=\"Vor Ort profitieren Sie von einem privaten Parcours und der Begleitung eines \u00f6rtlichen Guides \u2013 perfekt f\u00fcr einen Tagesausflug zum Flussangeln im Loue-Tal, inmitten einer au\u00dfergew\u00f6hnlichen Umgebung, die Sie allein, mit Freunden oder der Familie genie\u00dfen k\u00f6nnen.\" \/>\n<meta name=\"robots\" content=\"index, follow, max-snippet:-1, max-image-preview:large, max-video-preview:-1\" \/>\n<link rel=\"canonical\" href=\"https:\/\/www.hoteldefrance-ornans.com\/peche-a-la-mouche\/\" \/>\n<meta property=\"og:locale\" content=\"de_DE\" \/>\n<meta property=\"og:type\" content=\"article\" \/>\n<meta property=\"og:title\" content=\"Fliegenfischen in Ornans im Doubs (25), in der N\u00e4he des Juras - H\u00f4tel de France\" \/>\n<meta property=\"og:description\" content=\"Vor Ort profitieren Sie von einem privaten Parcours und der Begleitung eines \u00f6rtlichen Guides \u2013 perfekt f\u00fcr einen Tagesausflug zum Flussangeln im Loue-Tal, inmitten einer au\u00dfergew\u00f6hnlichen Umgebung, die Sie allein, mit Freunden oder der Familie genie\u00dfen k\u00f6nnen.\" \/>\n<meta property=\"og:url\" content=\"https:\/\/www.hoteldefrance-ornans.com\/peche-a-la-mouche\/\" \/>\n<meta property=\"og:site_name\" content=\"Hotel de France \u00e0 Ornans\" \/>\n<meta property=\"article:modified_time\" content=\"2023-02-23T11:19:50+00:00\" \/>\n<meta property=\"og:image\" content=\"http:\/\/hoteldefrance-ornans.com\/wp-content\/uploads\/2020\/05\/fond_peche-1024x682.jpg\" \/>\n<meta name=\"twitter:card\" content=\"summary_large_image\" \/>\n<meta name=\"twitter:label1\" content=\"Gesch\u00e4tzte Lesezeit\" \/>\n\t<meta name=\"twitter:data1\" content=\"2\u00a0Minuten\" \/>\n<script type=\"application\/ld+json\" class=\"yoast-schema-graph\">{\"@context\":\"https:\/\/schema.org\",\"@graph\":[{\"@type\":\"WebPage\",\"@id\":\"https:\/\/www.hoteldefrance-ornans.com\/peche-a-la-mouche\/\",\"url\":\"https:\/\/www.hoteldefrance-ornans.com\/peche-a-la-mouche\/\",\"name\":\"Fliegenfischen in Ornans im Doubs (25), in der N\u00e4he des Juras - H\u00f4tel de France\",\"isPartOf\":{\"@id\":\"https:\/\/www.hoteldefrance-ornans.com\/#website\"},\"primaryImageOfPage\":{\"@id\":\"https:\/\/www.hoteldefrance-ornans.com\/peche-a-la-mouche\/#primaryimage\"},\"image\":{\"@id\":\"https:\/\/www.hoteldefrance-ornans.com\/peche-a-la-mouche\/#primaryimage\"},\"thumbnailUrl\":\"http:\/\/hoteldefrance-ornans.com\/wp-content\/uploads\/2020\/05\/fond_peche-1024x682.jpg\",\"datePublished\":\"2023-02-23T10:36:25+00:00\",\"dateModified\":\"2023-02-23T11:19:50+00:00\",\"description\":\"Vor Ort profitieren Sie von einem privaten Parcours und der Begleitung eines \u00f6rtlichen Guides \u2013 perfekt f\u00fcr einen Tagesausflug zum Flussangeln im Loue-Tal, inmitten einer au\u00dfergew\u00f6hnlichen Umgebung, die Sie allein, mit Freunden oder der Familie genie\u00dfen k\u00f6nnen.\",\"breadcrumb\":{\"@id\":\"https:\/\/www.hoteldefrance-ornans.com\/peche-a-la-mouche\/#breadcrumb\"},\"inLanguage\":\"de\",\"potentialAction\":[{\"@type\":\"ReadAction\",\"target\":[\"https:\/\/www.hoteldefrance-ornans.com\/peche-a-la-mouche\/\"]}]},{\"@type\":\"ImageObject\",\"inLanguage\":\"de\",\"@id\":\"https:\/\/www.hoteldefrance-ornans.com\/peche-a-la-mouche\/#primaryimage\",\"url\":\"http:\/\/hoteldefrance-ornans.com\/wp-content\/uploads\/2020\/05\/fond_peche-1024x682.jpg\",\"contentUrl\":\"http:\/\/hoteldefrance-ornans.com\/wp-content\/uploads\/2020\/05\/fond_peche-1024x682.jpg\"},{\"@type\":\"BreadcrumbList\",\"@id\":\"https:\/\/www.hoteldefrance-ornans.com\/peche-a-la-mouche\/#breadcrumb\",\"itemListElement\":[{\"@type\":\"ListItem\",\"position\":1,\"name\":\"Zuhause\",\"item\":\"https:\/\/www.hoteldefrance-ornans.com\/de\/\"},{\"@type\":\"ListItem\",\"position\":2,\"name\":\"Fliegenfischen\"}]},{\"@type\":\"WebSite\",\"@id\":\"https:\/\/www.hoteldefrance-ornans.com\/#website\",\"url\":\"https:\/\/www.hoteldefrance-ornans.com\/\",\"name\":\"Hotel de France \u00e0 Ornans\",\"description\":\"Eine Seite, die Wordpress verwendet\",\"potentialAction\":[{\"@type\":\"SearchAction\",\"target\":{\"@type\":\"EntryPoint\",\"urlTemplate\":\"https:\/\/www.hoteldefrance-ornans.com\/?s={search_term_string}\"},\"query-input\":{\"@type\":\"PropertyValueSpecification\",\"valueRequired\":true,\"valueName\":\"search_term_string\"}}],\"inLanguage\":\"de\"}]}<\/script>\n<!-- \/ Yoast SEO plugin. -->","yoast_head_json":{"title":"Fliegenfischen in Ornans im Doubs (25), in der N\u00e4he des Juras - H\u00f4tel de France","description":"Vor Ort profitieren Sie von einem privaten Parcours und der Begleitung eines \u00f6rtlichen Guides \u2013 perfekt f\u00fcr einen Tagesausflug zum Flussangeln im Loue-Tal, inmitten einer au\u00dfergew\u00f6hnlichen Umgebung, die Sie allein, mit Freunden oder der Familie genie\u00dfen k\u00f6nnen.","robots":{"index":"index","follow":"follow","max-snippet":"max-snippet:-1","max-image-preview":"max-image-preview:large","max-video-preview":"max-video-preview:-1"},"canonical":"https:\/\/www.hoteldefrance-ornans.com\/peche-a-la-mouche\/","og_locale":"de_DE","og_type":"article","og_title":"Fliegenfischen in Ornans im Doubs (25), in der N\u00e4he des Juras - H\u00f4tel de France","og_description":"Vor Ort profitieren Sie von einem privaten Parcours und der Begleitung eines \u00f6rtlichen Guides \u2013 perfekt f\u00fcr einen Tagesausflug zum Flussangeln im Loue-Tal, inmitten einer au\u00dfergew\u00f6hnlichen Umgebung, die Sie allein, mit Freunden oder der Familie genie\u00dfen k\u00f6nnen.","og_url":"https:\/\/www.hoteldefrance-ornans.com\/peche-a-la-mouche\/","og_site_name":"Hotel de France \u00e0 Ornans","article_modified_time":"2023-02-23T11:19:50+00:00","og_image":[{"url":"http:\/\/hoteldefrance-ornans.com\/wp-content\/uploads\/2020\/05\/fond_peche-1024x682.jpg","type":"","width":"","height":""}],"twitter_card":"summary_large_image","twitter_misc":{"Gesch\u00e4tzte Lesezeit":"2\u00a0Minuten"},"schema":{"@context":"https:\/\/schema.org","@graph":[{"@type":"WebPage","@id":"https:\/\/www.hoteldefrance-ornans.com\/peche-a-la-mouche\/","url":"https:\/\/www.hoteldefrance-ornans.com\/peche-a-la-mouche\/","name":"Fliegenfischen in Ornans im Doubs (25), in der N\u00e4he des Juras - H\u00f4tel de France","isPartOf":{"@id":"https:\/\/www.hoteldefrance-ornans.com\/#website"},"primaryImageOfPage":{"@id":"https:\/\/www.hoteldefrance-ornans.com\/peche-a-la-mouche\/#primaryimage"},"image":{"@id":"https:\/\/www.hoteldefrance-ornans.com\/peche-a-la-mouche\/#primaryimage"},"thumbnailUrl":"http:\/\/hoteldefrance-ornans.com\/wp-content\/uploads\/2020\/05\/fond_peche-1024x682.jpg","datePublished":"2023-02-23T10:36:25+00:00","dateModified":"2023-02-23T11:19:50+00:00","description":"Vor Ort profitieren Sie von einem privaten Parcours und der Begleitung eines \u00f6rtlichen Guides \u2013 perfekt f\u00fcr einen Tagesausflug zum Flussangeln im Loue-Tal, inmitten einer au\u00dfergew\u00f6hnlichen Umgebung, die Sie allein, mit Freunden oder der Familie genie\u00dfen k\u00f6nnen.","breadcrumb":{"@id":"https:\/\/www.hoteldefrance-ornans.com\/peche-a-la-mouche\/#breadcrumb"},"inLanguage":"de","potentialAction":[{"@type":"ReadAction","target":["https:\/\/www.hoteldefrance-ornans.com\/peche-a-la-mouche\/"]}]},{"@type":"ImageObject","inLanguage":"de","@id":"https:\/\/www.hoteldefrance-ornans.com\/peche-a-la-mouche\/#primaryimage","url":"http:\/\/hoteldefrance-ornans.com\/wp-content\/uploads\/2020\/05\/fond_peche-1024x682.jpg","contentUrl":"http:\/\/hoteldefrance-ornans.com\/wp-content\/uploads\/2020\/05\/fond_peche-1024x682.jpg"},{"@type":"BreadcrumbList","@id":"https:\/\/www.hoteldefrance-ornans.com\/peche-a-la-mouche\/#breadcrumb","itemListElement":[{"@type":"ListItem","position":1,"name":"Zuhause","item":"https:\/\/www.hoteldefrance-ornans.com\/de\/"},{"@type":"ListItem","position":2,"name":"Fliegenfischen"}]},{"@type":"WebSite","@id":"https:\/\/www.hoteldefrance-ornans.com\/#website","url":"https:\/\/www.hoteldefrance-ornans.com\/","name":"Hotel de France \u00e0 Ornans","description":"Eine Seite, die Wordpress verwendet","potentialAction":[{"@type":"SearchAction","target":{"@type":"EntryPoint","urlTemplate":"https:\/\/www.hoteldefrance-ornans.com\/?s={search_term_string}"},"query-input":{"@type":"PropertyValueSpecification","valueRequired":true,"valueName":"search_term_string"}}],"inLanguage":"de"}]}},"_links":{"self":[{"href":"https:\/\/www.hoteldefrance-ornans.com\/de\/wp-json\/wp\/v2\/pages\/738","targetHints":{"allow":["GET"]}}],"collection":[{"href":"https:\/\/www.hoteldefrance-ornans.com\/de\/wp-json\/wp\/v2\/pages"}],"about":[{"href":"https:\/\/www.hoteldefrance-ornans.com\/de\/wp-json\/wp\/v2\/types\/page"}],"author":[{"embeddable":true,"href":"https:\/\/www.hoteldefrance-ornans.com\/de\/wp-json\/wp\/v2\/users\/1"}],"replies":[{"embeddable":true,"href":"https:\/\/www.hoteldefrance-ornans.com\/de\/wp-json\/wp\/v2\/comments?post=738"}],"version-history":[{"count":2,"href":"https:\/\/www.hoteldefrance-ornans.com\/de\/wp-json\/wp\/v2\/pages\/738\/revisions"}],"predecessor-version":[{"id":772,"href":"https:\/\/www.hoteldefrance-ornans.com\/de\/wp-json\/wp\/v2\/pages\/738\/revisions\/772"}],"wp:attachment":[{"href":"https:\/\/www.hoteldefrance-ornans.com\/de\/wp-json\/wp\/v2\/media?parent=738"}],"curies":[{"name":"wp","href":"https:\/\/api.w.org\/{rel}","templated":true}]}}