{"id":734,"date":"2023-02-23T11:24:19","date_gmt":"2023-02-23T10:24:19","guid":{"rendered":"https:\/\/www.hoteldefrance-ornans.com\r\n\/?page_id=734"},"modified":"2023-04-25T10:55:04","modified_gmt":"2023-04-25T08:55:04","slug":"geschaftsreise","status":"publish","type":"page","link":"https:\/\/www.hoteldefrance-ornans.com\/de\/geschaftsreise\/","title":{"rendered":"Gesch\u00e4ftsreisen"},"content":{"rendered":"\n<p>Zwischen Besan\u00e7on und Pontarlier bietet Ihnen das H\u00f4tel de France einen charmanten Rahmen und attraktive <strong>Pauschalangebote f\u00fcr Ihre Gesch\u00e4ftsreise<\/strong>. W\u00e4hrend Ihrer <strong>Dienstreise<\/strong> laden wir Sie in unserem Hotel vor den Toren des Jura dazu ein, unser Angebot aus einer \u00dcbernachtung, einem Abendessen in <a href=\"https:\/\/www.hoteldefrance-ornans.com\r\n\/de\/restaurant\/\">unserem Restaurant<\/a> sowie einem <a href=\"https:\/\/www.hoteldefrance-ornans.com\r\n\/de\/fruhstuck\/\">Fr\u00fchst\u00fcck<\/a> f\u00fcr insgesamt 115 \u20ac zu nutzen.<\/p>\n\n\n\n<p>Das k\u00fcrzlich renovierte H\u00f4tel de France verf\u00fcgt \u00fcber <a href=\"https:\/\/www.hoteldefrance-ornans.com\r\n\/de\/zimmer\/\">ger\u00e4umige Zimmer<\/a> mit einer einfachen, klaren Inneneinrichtung. Unsere voll ausgestatteten Premium- und Komfortzimmer bieten Ihnen allen Komfort, den Sie w\u00e4hrend Ihres beruflichen Aufenthalts ben\u00f6tigen. Ob Klimaanlage oder Flachbildfernseher, bei uns finden Sie alles, was Sie f\u00fcr eine gelungene Gesch\u00e4ftsreise inklusive Verpflegung ben\u00f6tigen.<\/p>\n","protected":false},"excerpt":{"rendered":"<p>Zwischen Besan\u00e7on und Pontarlier bietet Ihnen das H\u00f4tel de France einen charmanten Rahmen und attraktive Pauschalangebote f\u00fcr Ihre Gesch\u00e4ftsreise. W\u00e4hrend Ihrer Dienstreise laden wir Sie in unserem Hotel vor den Toren des Jura dazu ein, unser Angebot aus einer \u00dcbernachtung, einem Abendessen in unserem Restaurant sowie einem Fr\u00fchst\u00fcck f\u00fcr insgesamt 115 \u20ac zu nutzen. Das [&hellip;]<\/p>\n","protected":false},"author":1,"featured_media":0,"parent":0,"menu_order":0,"comment_status":"closed","ping_status":"closed","template":"","meta":{"_acf_changed":false,"footnotes":""},"class_list":["post-734","page","type-page","status-publish","hentry"],"acf":[],"yoast_head":"<!-- This site is optimized with the Yoast SEO plugin v25.8 - https:\/\/yoast.com\/wordpress\/plugins\/seo\/ -->\n<title>Gesch\u00e4ftsreise mit Verpflegung in Ornans im Doubs (25), in der N\u00e4he des Jura - H\u00f4tel de France<\/title>\n<meta name=\"description\" content=\"Das zwischen Besan\u00e7on und Pontarlier gelegene H\u00f4tel de France bietet Ihnen ein Paket aus \u00dcbernachtung, Abendessen und Fr\u00fchst\u00fcck f\u00fcr nur 105 \u20ac an, das sich ideal f\u00fcr Gesch\u00e4ftsreisen eignet.\" \/>\n<meta name=\"robots\" content=\"index, follow, max-snippet:-1, max-image-preview:large, max-video-preview:-1\" \/>\n<link rel=\"canonical\" href=\"https:\/\/www.hoteldefrance-ornans.com\/soiree-etape\/\" \/>\n<meta property=\"og:locale\" content=\"de_DE\" \/>\n<meta property=\"og:type\" content=\"article\" \/>\n<meta property=\"og:title\" content=\"Gesch\u00e4ftsreise mit Verpflegung in Ornans im Doubs (25), in der N\u00e4he des Jura - H\u00f4tel de France\" \/>\n<meta property=\"og:description\" content=\"Das zwischen Besan\u00e7on und Pontarlier gelegene H\u00f4tel de France bietet Ihnen ein Paket aus \u00dcbernachtung, Abendessen und Fr\u00fchst\u00fcck f\u00fcr nur 105 \u20ac an, das sich ideal f\u00fcr Gesch\u00e4ftsreisen eignet.\" \/>\n<meta property=\"og:url\" content=\"https:\/\/www.hoteldefrance-ornans.com\/soiree-etape\/\" \/>\n<meta property=\"og:site_name\" content=\"Hotel de France \u00e0 Ornans\" \/>\n<meta property=\"article:modified_time\" content=\"2023-04-25T08:55:04+00:00\" \/>\n<meta name=\"twitter:card\" content=\"summary_large_image\" \/>\n<script type=\"application\/ld+json\" class=\"yoast-schema-graph\">{\"@context\":\"https:\/\/schema.org\",\"@graph\":[{\"@type\":\"WebPage\",\"@id\":\"https:\/\/www.hoteldefrance-ornans.com\/soiree-etape\/\",\"url\":\"https:\/\/www.hoteldefrance-ornans.com\/soiree-etape\/\",\"name\":\"Gesch\u00e4ftsreise mit Verpflegung in Ornans im Doubs (25), in der N\u00e4he des Jura - H\u00f4tel de France\",\"isPartOf\":{\"@id\":\"https:\/\/www.hoteldefrance-ornans.com\/#website\"},\"datePublished\":\"2023-02-23T10:24:19+00:00\",\"dateModified\":\"2023-04-25T08:55:04+00:00\",\"description\":\"Das zwischen Besan\u00e7on und Pontarlier gelegene H\u00f4tel de France bietet Ihnen ein Paket aus \u00dcbernachtung, Abendessen und Fr\u00fchst\u00fcck f\u00fcr nur 105 \u20ac an, das sich ideal f\u00fcr Gesch\u00e4ftsreisen eignet.\",\"breadcrumb\":{\"@id\":\"https:\/\/www.hoteldefrance-ornans.com\/soiree-etape\/#breadcrumb\"},\"inLanguage\":\"de\",\"potentialAction\":[{\"@type\":\"ReadAction\",\"target\":[\"https:\/\/www.hoteldefrance-ornans.com\/soiree-etape\/\"]}]},{\"@type\":\"BreadcrumbList\",\"@id\":\"https:\/\/www.hoteldefrance-ornans.com\/soiree-etape\/#breadcrumb\",\"itemListElement\":[{\"@type\":\"ListItem\",\"position\":1,\"name\":\"Zuhause\",\"item\":\"https:\/\/www.hoteldefrance-ornans.com\/de\/\"},{\"@type\":\"ListItem\",\"position\":2,\"name\":\"Gesch\u00e4ftsreisen\"}]},{\"@type\":\"WebSite\",\"@id\":\"https:\/\/www.hoteldefrance-ornans.com\/#website\",\"url\":\"https:\/\/www.hoteldefrance-ornans.com\/\",\"name\":\"Hotel de France \u00e0 Ornans\",\"description\":\"Eine Seite, die Wordpress verwendet\",\"potentialAction\":[{\"@type\":\"SearchAction\",\"target\":{\"@type\":\"EntryPoint\",\"urlTemplate\":\"https:\/\/www.hoteldefrance-ornans.com\/?s={search_term_string}\"},\"query-input\":{\"@type\":\"PropertyValueSpecification\",\"valueRequired\":true,\"valueName\":\"search_term_string\"}}],\"inLanguage\":\"de\"}]}<\/script>\n<!-- \/ Yoast SEO plugin. -->","yoast_head_json":{"title":"Gesch\u00e4ftsreise mit Verpflegung in Ornans im Doubs (25), in der N\u00e4he des Jura - H\u00f4tel de France","description":"Das zwischen Besan\u00e7on und Pontarlier gelegene H\u00f4tel de France bietet Ihnen ein Paket aus \u00dcbernachtung, Abendessen und Fr\u00fchst\u00fcck f\u00fcr nur 105 \u20ac an, das sich ideal f\u00fcr Gesch\u00e4ftsreisen eignet.","robots":{"index":"index","follow":"follow","max-snippet":"max-snippet:-1","max-image-preview":"max-image-preview:large","max-video-preview":"max-video-preview:-1"},"canonical":"https:\/\/www.hoteldefrance-ornans.com\/soiree-etape\/","og_locale":"de_DE","og_type":"article","og_title":"Gesch\u00e4ftsreise mit Verpflegung in Ornans im Doubs (25), in der N\u00e4he des Jura - H\u00f4tel de France","og_description":"Das zwischen Besan\u00e7on und Pontarlier gelegene H\u00f4tel de France bietet Ihnen ein Paket aus \u00dcbernachtung, Abendessen und Fr\u00fchst\u00fcck f\u00fcr nur 105 \u20ac an, das sich ideal f\u00fcr Gesch\u00e4ftsreisen eignet.","og_url":"https:\/\/www.hoteldefrance-ornans.com\/soiree-etape\/","og_site_name":"Hotel de France \u00e0 Ornans","article_modified_time":"2023-04-25T08:55:04+00:00","twitter_card":"summary_large_image","schema":{"@context":"https:\/\/schema.org","@graph":[{"@type":"WebPage","@id":"https:\/\/www.hoteldefrance-ornans.com\/soiree-etape\/","url":"https:\/\/www.hoteldefrance-ornans.com\/soiree-etape\/","name":"Gesch\u00e4ftsreise mit Verpflegung in Ornans im Doubs (25), in der N\u00e4he des Jura - H\u00f4tel de France","isPartOf":{"@id":"https:\/\/www.hoteldefrance-ornans.com\/#website"},"datePublished":"2023-02-23T10:24:19+00:00","dateModified":"2023-04-25T08:55:04+00:00","description":"Das zwischen Besan\u00e7on und Pontarlier gelegene H\u00f4tel de France bietet Ihnen ein Paket aus \u00dcbernachtung, Abendessen und Fr\u00fchst\u00fcck f\u00fcr nur 105 \u20ac an, das sich ideal f\u00fcr Gesch\u00e4ftsreisen eignet.","breadcrumb":{"@id":"https:\/\/www.hoteldefrance-ornans.com\/soiree-etape\/#breadcrumb"},"inLanguage":"de","potentialAction":[{"@type":"ReadAction","target":["https:\/\/www.hoteldefrance-ornans.com\/soiree-etape\/"]}]},{"@type":"BreadcrumbList","@id":"https:\/\/www.hoteldefrance-ornans.com\/soiree-etape\/#breadcrumb","itemListElement":[{"@type":"ListItem","position":1,"name":"Zuhause","item":"https:\/\/www.hoteldefrance-ornans.com\/de\/"},{"@type":"ListItem","position":2,"name":"Gesch\u00e4ftsreisen"}]},{"@type":"WebSite","@id":"https:\/\/www.hoteldefrance-ornans.com\/#website","url":"https:\/\/www.hoteldefrance-ornans.com\/","name":"Hotel de France \u00e0 Ornans","description":"Eine Seite, die Wordpress verwendet","potentialAction":[{"@type":"SearchAction","target":{"@type":"EntryPoint","urlTemplate":"https:\/\/www.hoteldefrance-ornans.com\/?s={search_term_string}"},"query-input":{"@type":"PropertyValueSpecification","valueRequired":true,"valueName":"search_term_string"}}],"inLanguage":"de"}]}},"_links":{"self":[{"href":"https:\/\/www.hoteldefrance-ornans.com\/de\/wp-json\/wp\/v2\/pages\/734","targetHints":{"allow":["GET"]}}],"collection":[{"href":"https:\/\/www.hoteldefrance-ornans.com\/de\/wp-json\/wp\/v2\/pages"}],"about":[{"href":"https:\/\/www.hoteldefrance-ornans.com\/de\/wp-json\/wp\/v2\/types\/page"}],"author":[{"embeddable":true,"href":"https:\/\/www.hoteldefrance-ornans.com\/de\/wp-json\/wp\/v2\/users\/1"}],"replies":[{"embeddable":true,"href":"https:\/\/www.hoteldefrance-ornans.com\/de\/wp-json\/wp\/v2\/comments?post=734"}],"version-history":[{"count":3,"href":"https:\/\/www.hoteldefrance-ornans.com\/de\/wp-json\/wp\/v2\/pages\/734\/revisions"}],"predecessor-version":[{"id":893,"href":"https:\/\/www.hoteldefrance-ornans.com\/de\/wp-json\/wp\/v2\/pages\/734\/revisions\/893"}],"wp:attachment":[{"href":"https:\/\/www.hoteldefrance-ornans.com\/de\/wp-json\/wp\/v2\/media?parent=734"}],"curies":[{"name":"wp","href":"https:\/\/api.w.org\/{rel}","templated":true}]}}