{"id":732,"date":"2023-02-23T11:19:15","date_gmt":"2023-02-23T10:19:15","guid":{"rendered":"https:\/\/www.hoteldefrance-ornans.com\r\n\/?page_id=732"},"modified":"2023-02-23T11:19:15","modified_gmt":"2023-02-23T10:19:15","slug":"raumvermietung","status":"publish","type":"page","link":"https:\/\/www.hoteldefrance-ornans.com\/de\/raumvermietung\/","title":{"rendered":"Raumvermietung"},"content":{"rendered":"\n<p>F\u00fcr Ihre Arbeitsmeetings, Firmenseminare, Studientage, Firmenabende oder andere Gesch\u00e4ftsaufenthalte verf\u00fcgt das H\u00f4tel de France in Ornans \u00fcber einen <strong>Saal, den Sie f\u00fcr gesch\u00e4ftliche Veranstaltungen und Vereinstreffen mieten k\u00f6nnen<\/strong>. Wir begleiten Sie bei der Organisation Ihrer Gesch\u00e4ftsveranstaltungen. Um Ihre Teams bestm\u00f6glich zusammenzubringen, ist unser Mietsaal mit einem Tisch f\u00fcr 16 Personen, Audio- und Videomaterial mit Anzeigetafel, Mikrofonen und Beamer ausgestattet, um einen reibungslosen Ablauf Ihrer Sitzungen zu gew\u00e4hrleisten. Sie k\u00f6nnen auch die <strong>Serviceleistungen des H\u00f4tel de France<\/strong> in Anspruch nehmen; Ihnen stehen hei\u00dfe und kalte Getr\u00e4nke, eine Minibar sowie eine Kaffeemaschine zur Verf\u00fcgung.<\/p>\n\n\n\n<p>Im <strong>Besch\u00e4ftigungsgebiet des Haut Doubs<\/strong>, in der N\u00e4he von Besan\u00e7on, empf\u00e4ngt Sie unser charmantes Hotel in einem idealen Arbeitsumfeld \u2013 hier wird jede Pause zu einem Moment der Entspannung. Wenn Sie sich mit Ihren Kollegen in einem entspannten Rahmen austauschen m\u00f6chten, k\u00f6nnen Sie unseren Teesalon, die Kaffeebar und das Restaurant entdecken \u2013 hier erwartet Sie eine <a href=\"https:\/\/www.hoteldefrance-ornans.com\r\n\/de\/restaurant\/\">regionale K\u00fcche<\/a> mit <strong>lokalen Produkten aus kurzen<\/strong> <strong>Vertriebswegen<\/strong>.<\/p>\n","protected":false},"excerpt":{"rendered":"<p>F\u00fcr Ihre Arbeitsmeetings, Firmenseminare, Studientage, Firmenabende oder andere Gesch\u00e4ftsaufenthalte verf\u00fcgt das H\u00f4tel de France in Ornans \u00fcber einen Saal, den Sie f\u00fcr gesch\u00e4ftliche Veranstaltungen und Vereinstreffen mieten k\u00f6nnen. Wir begleiten Sie bei der Organisation Ihrer Gesch\u00e4ftsveranstaltungen. Um Ihre Teams bestm\u00f6glich zusammenzubringen, ist unser Mietsaal mit einem Tisch f\u00fcr 16 Personen, Audio- und Videomaterial mit Anzeigetafel, [&hellip;]<\/p>\n","protected":false},"author":1,"featured_media":0,"parent":0,"menu_order":0,"comment_status":"closed","ping_status":"closed","template":"","meta":{"_acf_changed":false,"footnotes":""},"class_list":["post-732","page","type-page","status-publish","hentry"],"acf":[],"yoast_head":"<!-- This site is optimized with the Yoast SEO plugin v25.8 - https:\/\/yoast.com\/wordpress\/plugins\/seo\/ -->\n<title>Seminarraum-Vermietung in Ornans, 25 km von Besan\u00e7on entfernt, in der N\u00e4he des Jura - H\u00f4tel de France<\/title>\n<meta name=\"description\" content=\"Das H\u00f4tel de France bietet zahlreiche Leistungen f\u00fcr Unternehmen an, wie z. B. eine Raumvermietung f\u00fcr Seminare und Versammlungen in Ornans. Au\u00dferdem stehen Ihnen einen Aparthotelservice f\u00fcr Gesch\u00e4ftsreisende sowie ein Restaurant zur Verf\u00fcgung.\" \/>\n<meta name=\"robots\" content=\"index, follow, max-snippet:-1, max-image-preview:large, max-video-preview:-1\" \/>\n<link rel=\"canonical\" href=\"https:\/\/www.hoteldefrance-ornans.com\/location-de-salle\/\" \/>\n<meta property=\"og:locale\" content=\"de_DE\" \/>\n<meta property=\"og:type\" content=\"article\" \/>\n<meta property=\"og:title\" content=\"Seminarraum-Vermietung in Ornans, 25 km von Besan\u00e7on entfernt, in der N\u00e4he des Jura - H\u00f4tel de France\" \/>\n<meta property=\"og:description\" content=\"Das H\u00f4tel de France bietet zahlreiche Leistungen f\u00fcr Unternehmen an, wie z. B. eine Raumvermietung f\u00fcr Seminare und Versammlungen in Ornans. Au\u00dferdem stehen Ihnen einen Aparthotelservice f\u00fcr Gesch\u00e4ftsreisende sowie ein Restaurant zur Verf\u00fcgung.\" \/>\n<meta property=\"og:url\" content=\"https:\/\/www.hoteldefrance-ornans.com\/location-de-salle\/\" \/>\n<meta property=\"og:site_name\" content=\"Hotel de France \u00e0 Ornans\" \/>\n<meta name=\"twitter:card\" content=\"summary_large_image\" \/>\n<meta name=\"twitter:label1\" content=\"Gesch\u00e4tzte Lesezeit\" \/>\n\t<meta name=\"twitter:data1\" content=\"1\u00a0Minute\" \/>\n<script type=\"application\/ld+json\" class=\"yoast-schema-graph\">{\"@context\":\"https:\/\/schema.org\",\"@graph\":[{\"@type\":\"WebPage\",\"@id\":\"https:\/\/www.hoteldefrance-ornans.com\/location-de-salle\/\",\"url\":\"https:\/\/www.hoteldefrance-ornans.com\/location-de-salle\/\",\"name\":\"Seminarraum-Vermietung in Ornans, 25 km von Besan\u00e7on entfernt, in der N\u00e4he des Jura - H\u00f4tel de France\",\"isPartOf\":{\"@id\":\"https:\/\/www.hoteldefrance-ornans.com\/#website\"},\"datePublished\":\"2023-02-23T10:19:15+00:00\",\"description\":\"Das H\u00f4tel de France bietet zahlreiche Leistungen f\u00fcr Unternehmen an, wie z. B. eine Raumvermietung f\u00fcr Seminare und Versammlungen in Ornans. Au\u00dferdem stehen Ihnen einen Aparthotelservice f\u00fcr Gesch\u00e4ftsreisende sowie ein Restaurant zur Verf\u00fcgung.\",\"breadcrumb\":{\"@id\":\"https:\/\/www.hoteldefrance-ornans.com\/location-de-salle\/#breadcrumb\"},\"inLanguage\":\"de\",\"potentialAction\":[{\"@type\":\"ReadAction\",\"target\":[\"https:\/\/www.hoteldefrance-ornans.com\/location-de-salle\/\"]}]},{\"@type\":\"BreadcrumbList\",\"@id\":\"https:\/\/www.hoteldefrance-ornans.com\/location-de-salle\/#breadcrumb\",\"itemListElement\":[{\"@type\":\"ListItem\",\"position\":1,\"name\":\"Zuhause\",\"item\":\"https:\/\/www.hoteldefrance-ornans.com\/de\/\"},{\"@type\":\"ListItem\",\"position\":2,\"name\":\"Raumvermietung\"}]},{\"@type\":\"WebSite\",\"@id\":\"https:\/\/www.hoteldefrance-ornans.com\/#website\",\"url\":\"https:\/\/www.hoteldefrance-ornans.com\/\",\"name\":\"Hotel de France \u00e0 Ornans\",\"description\":\"Eine Seite, die Wordpress verwendet\",\"potentialAction\":[{\"@type\":\"SearchAction\",\"target\":{\"@type\":\"EntryPoint\",\"urlTemplate\":\"https:\/\/www.hoteldefrance-ornans.com\/?s={search_term_string}\"},\"query-input\":{\"@type\":\"PropertyValueSpecification\",\"valueRequired\":true,\"valueName\":\"search_term_string\"}}],\"inLanguage\":\"de\"}]}<\/script>\n<!-- \/ Yoast SEO plugin. -->","yoast_head_json":{"title":"Seminarraum-Vermietung in Ornans, 25 km von Besan\u00e7on entfernt, in der N\u00e4he des Jura - H\u00f4tel de France","description":"Das H\u00f4tel de France bietet zahlreiche Leistungen f\u00fcr Unternehmen an, wie z. B. eine Raumvermietung f\u00fcr Seminare und Versammlungen in Ornans. Au\u00dferdem stehen Ihnen einen Aparthotelservice f\u00fcr Gesch\u00e4ftsreisende sowie ein Restaurant zur Verf\u00fcgung.","robots":{"index":"index","follow":"follow","max-snippet":"max-snippet:-1","max-image-preview":"max-image-preview:large","max-video-preview":"max-video-preview:-1"},"canonical":"https:\/\/www.hoteldefrance-ornans.com\/location-de-salle\/","og_locale":"de_DE","og_type":"article","og_title":"Seminarraum-Vermietung in Ornans, 25 km von Besan\u00e7on entfernt, in der N\u00e4he des Jura - H\u00f4tel de France","og_description":"Das H\u00f4tel de France bietet zahlreiche Leistungen f\u00fcr Unternehmen an, wie z. B. eine Raumvermietung f\u00fcr Seminare und Versammlungen in Ornans. Au\u00dferdem stehen Ihnen einen Aparthotelservice f\u00fcr Gesch\u00e4ftsreisende sowie ein Restaurant zur Verf\u00fcgung.","og_url":"https:\/\/www.hoteldefrance-ornans.com\/location-de-salle\/","og_site_name":"Hotel de France \u00e0 Ornans","twitter_card":"summary_large_image","twitter_misc":{"Gesch\u00e4tzte Lesezeit":"1\u00a0Minute"},"schema":{"@context":"https:\/\/schema.org","@graph":[{"@type":"WebPage","@id":"https:\/\/www.hoteldefrance-ornans.com\/location-de-salle\/","url":"https:\/\/www.hoteldefrance-ornans.com\/location-de-salle\/","name":"Seminarraum-Vermietung in Ornans, 25 km von Besan\u00e7on entfernt, in der N\u00e4he des Jura - H\u00f4tel de France","isPartOf":{"@id":"https:\/\/www.hoteldefrance-ornans.com\/#website"},"datePublished":"2023-02-23T10:19:15+00:00","description":"Das H\u00f4tel de France bietet zahlreiche Leistungen f\u00fcr Unternehmen an, wie z. B. eine Raumvermietung f\u00fcr Seminare und Versammlungen in Ornans. Au\u00dferdem stehen Ihnen einen Aparthotelservice f\u00fcr Gesch\u00e4ftsreisende sowie ein Restaurant zur Verf\u00fcgung.","breadcrumb":{"@id":"https:\/\/www.hoteldefrance-ornans.com\/location-de-salle\/#breadcrumb"},"inLanguage":"de","potentialAction":[{"@type":"ReadAction","target":["https:\/\/www.hoteldefrance-ornans.com\/location-de-salle\/"]}]},{"@type":"BreadcrumbList","@id":"https:\/\/www.hoteldefrance-ornans.com\/location-de-salle\/#breadcrumb","itemListElement":[{"@type":"ListItem","position":1,"name":"Zuhause","item":"https:\/\/www.hoteldefrance-ornans.com\/de\/"},{"@type":"ListItem","position":2,"name":"Raumvermietung"}]},{"@type":"WebSite","@id":"https:\/\/www.hoteldefrance-ornans.com\/#website","url":"https:\/\/www.hoteldefrance-ornans.com\/","name":"Hotel de France \u00e0 Ornans","description":"Eine Seite, die Wordpress verwendet","potentialAction":[{"@type":"SearchAction","target":{"@type":"EntryPoint","urlTemplate":"https:\/\/www.hoteldefrance-ornans.com\/?s={search_term_string}"},"query-input":{"@type":"PropertyValueSpecification","valueRequired":true,"valueName":"search_term_string"}}],"inLanguage":"de"}]}},"_links":{"self":[{"href":"https:\/\/www.hoteldefrance-ornans.com\/de\/wp-json\/wp\/v2\/pages\/732","targetHints":{"allow":["GET"]}}],"collection":[{"href":"https:\/\/www.hoteldefrance-ornans.com\/de\/wp-json\/wp\/v2\/pages"}],"about":[{"href":"https:\/\/www.hoteldefrance-ornans.com\/de\/wp-json\/wp\/v2\/types\/page"}],"author":[{"embeddable":true,"href":"https:\/\/www.hoteldefrance-ornans.com\/de\/wp-json\/wp\/v2\/users\/1"}],"replies":[{"embeddable":true,"href":"https:\/\/www.hoteldefrance-ornans.com\/de\/wp-json\/wp\/v2\/comments?post=732"}],"version-history":[{"count":1,"href":"https:\/\/www.hoteldefrance-ornans.com\/de\/wp-json\/wp\/v2\/pages\/732\/revisions"}],"predecessor-version":[{"id":733,"href":"https:\/\/www.hoteldefrance-ornans.com\/de\/wp-json\/wp\/v2\/pages\/732\/revisions\/733"}],"wp:attachment":[{"href":"https:\/\/www.hoteldefrance-ornans.com\/de\/wp-json\/wp\/v2\/media?parent=732"}],"curies":[{"name":"wp","href":"https:\/\/api.w.org\/{rel}","templated":true}]}}