{"id":730,"date":"2023-02-23T11:16:31","date_gmt":"2023-02-23T10:16:31","guid":{"rendered":"https:\/\/www.hoteldefrance-ornans.com\r\n\/?page_id=730"},"modified":"2023-02-23T11:16:31","modified_gmt":"2023-02-23T10:16:31","slug":"aparthotel","status":"publish","type":"page","link":"https:\/\/www.hoteldefrance-ornans.com\/de\/aparthotel\/","title":{"rendered":"Aparthotel"},"content":{"rendered":"\n<p>F\u00fcr Ihre Gesch\u00e4ftsreise oder einen privaten Urlaub stellt Ihnen das H\u00f4tel de France in Ornans demn\u00e4chst ein <strong>Apartment-Hotel<\/strong> zur Verf\u00fcgung. Unser vollst\u00e4ndig renoviertes Aparthotel mit schlicht-eleganter Dekoration bietet Ihnen allen Komfort, den Sie f\u00fcr Ihren Aufenthalt ben\u00f6tigen.<\/p>\n\n\n\n<p>Unser Aparthotel f\u00fcr <strong>Kurz- oder Langzeitaufenthalte<\/strong> ist vollst\u00e4ndig ausgestattet. Kochnische, Flachbildfernseher, WLAN; es wurde an alles gedacht, um Ihren Aufenthalt in Ornans zu einem besonderen Moment zu machen. W\u00e4hrend Ihres Aufenthalts stehen Ihnen <strong>unsere Hotel- und W\u00e4scheserviceleistungen<\/strong> stets zur Verf\u00fcgung. W\u00e4hrend Ihrer Gesch\u00e4fts- oder Dienstreise k\u00f6nnen Sie au\u00dferdem die Bar und das Restaurant <a href=\"https:\/\/www.hoteldefrance-ornans.com\r\n\/de\/charmantes-hotel\/\">unseres Hotels<\/a> nutzen.<\/p>\n","protected":false},"excerpt":{"rendered":"<p>F\u00fcr Ihre Gesch\u00e4ftsreise oder einen privaten Urlaub stellt Ihnen das H\u00f4tel de France in Ornans demn\u00e4chst ein Apartment-Hotel zur Verf\u00fcgung. Unser vollst\u00e4ndig renoviertes Aparthotel mit schlicht-eleganter Dekoration bietet Ihnen allen Komfort, den Sie f\u00fcr Ihren Aufenthalt ben\u00f6tigen. Unser Aparthotel f\u00fcr Kurz- oder Langzeitaufenthalte ist vollst\u00e4ndig ausgestattet. Kochnische, Flachbildfernseher, WLAN; es wurde an alles gedacht, um [&hellip;]<\/p>\n","protected":false},"author":1,"featured_media":0,"parent":0,"menu_order":0,"comment_status":"closed","ping_status":"closed","template":"","meta":{"_acf_changed":false,"footnotes":""},"class_list":["post-730","page","type-page","status-publish","hentry"],"acf":[],"yoast_head":"<!-- This site is optimized with the Yoast SEO plugin v25.8 - https:\/\/yoast.com\/wordpress\/plugins\/seo\/ -->\n<title>Aparthotel in der N\u00e4he von Besan\u00e7on, im Doubs in Ornans - H\u00f4tel de France<\/title>\n<meta name=\"description\" content=\"F\u00fcr Ihre Gesch\u00e4ftsreisen stellt Ihnen das H\u00f4tel de France in Ornans seine Apartments und einen umfassenden Hotelservice zur Verf\u00fcgung.\" \/>\n<meta name=\"robots\" content=\"index, follow, max-snippet:-1, max-image-preview:large, max-video-preview:-1\" \/>\n<link rel=\"canonical\" href=\"https:\/\/www.hoteldefrance-ornans.com\/appart-hotel\/\" \/>\n<meta property=\"og:locale\" content=\"de_DE\" \/>\n<meta property=\"og:type\" content=\"article\" \/>\n<meta property=\"og:title\" content=\"Aparthotel in der N\u00e4he von Besan\u00e7on, im Doubs in Ornans - H\u00f4tel de France\" \/>\n<meta property=\"og:description\" content=\"F\u00fcr Ihre Gesch\u00e4ftsreisen stellt Ihnen das H\u00f4tel de France in Ornans seine Apartments und einen umfassenden Hotelservice zur Verf\u00fcgung.\" \/>\n<meta property=\"og:url\" content=\"https:\/\/www.hoteldefrance-ornans.com\/appart-hotel\/\" \/>\n<meta property=\"og:site_name\" content=\"Hotel de France \u00e0 Ornans\" \/>\n<meta name=\"twitter:card\" content=\"summary_large_image\" \/>\n<meta name=\"twitter:label1\" content=\"Gesch\u00e4tzte Lesezeit\" \/>\n\t<meta name=\"twitter:data1\" content=\"1\u00a0Minute\" \/>\n<script type=\"application\/ld+json\" class=\"yoast-schema-graph\">{\"@context\":\"https:\/\/schema.org\",\"@graph\":[{\"@type\":\"WebPage\",\"@id\":\"https:\/\/www.hoteldefrance-ornans.com\/appart-hotel\/\",\"url\":\"https:\/\/www.hoteldefrance-ornans.com\/appart-hotel\/\",\"name\":\"Aparthotel in der N\u00e4he von Besan\u00e7on, im Doubs in Ornans - H\u00f4tel de France\",\"isPartOf\":{\"@id\":\"https:\/\/www.hoteldefrance-ornans.com\/#website\"},\"datePublished\":\"2023-02-23T10:16:31+00:00\",\"description\":\"F\u00fcr Ihre Gesch\u00e4ftsreisen stellt Ihnen das H\u00f4tel de France in Ornans seine Apartments und einen umfassenden Hotelservice zur Verf\u00fcgung.\",\"breadcrumb\":{\"@id\":\"https:\/\/www.hoteldefrance-ornans.com\/appart-hotel\/#breadcrumb\"},\"inLanguage\":\"de\",\"potentialAction\":[{\"@type\":\"ReadAction\",\"target\":[\"https:\/\/www.hoteldefrance-ornans.com\/appart-hotel\/\"]}]},{\"@type\":\"BreadcrumbList\",\"@id\":\"https:\/\/www.hoteldefrance-ornans.com\/appart-hotel\/#breadcrumb\",\"itemListElement\":[{\"@type\":\"ListItem\",\"position\":1,\"name\":\"Zuhause\",\"item\":\"https:\/\/www.hoteldefrance-ornans.com\/de\/\"},{\"@type\":\"ListItem\",\"position\":2,\"name\":\"Aparthotel\"}]},{\"@type\":\"WebSite\",\"@id\":\"https:\/\/www.hoteldefrance-ornans.com\/#website\",\"url\":\"https:\/\/www.hoteldefrance-ornans.com\/\",\"name\":\"Hotel de France \u00e0 Ornans\",\"description\":\"Eine Seite, die Wordpress verwendet\",\"potentialAction\":[{\"@type\":\"SearchAction\",\"target\":{\"@type\":\"EntryPoint\",\"urlTemplate\":\"https:\/\/www.hoteldefrance-ornans.com\/?s={search_term_string}\"},\"query-input\":{\"@type\":\"PropertyValueSpecification\",\"valueRequired\":true,\"valueName\":\"search_term_string\"}}],\"inLanguage\":\"de\"}]}<\/script>\n<!-- \/ Yoast SEO plugin. -->","yoast_head_json":{"title":"Aparthotel in der N\u00e4he von Besan\u00e7on, im Doubs in Ornans - H\u00f4tel de France","description":"F\u00fcr Ihre Gesch\u00e4ftsreisen stellt Ihnen das H\u00f4tel de France in Ornans seine Apartments und einen umfassenden Hotelservice zur Verf\u00fcgung.","robots":{"index":"index","follow":"follow","max-snippet":"max-snippet:-1","max-image-preview":"max-image-preview:large","max-video-preview":"max-video-preview:-1"},"canonical":"https:\/\/www.hoteldefrance-ornans.com\/appart-hotel\/","og_locale":"de_DE","og_type":"article","og_title":"Aparthotel in der N\u00e4he von Besan\u00e7on, im Doubs in Ornans - H\u00f4tel de France","og_description":"F\u00fcr Ihre Gesch\u00e4ftsreisen stellt Ihnen das H\u00f4tel de France in Ornans seine Apartments und einen umfassenden Hotelservice zur Verf\u00fcgung.","og_url":"https:\/\/www.hoteldefrance-ornans.com\/appart-hotel\/","og_site_name":"Hotel de France \u00e0 Ornans","twitter_card":"summary_large_image","twitter_misc":{"Gesch\u00e4tzte Lesezeit":"1\u00a0Minute"},"schema":{"@context":"https:\/\/schema.org","@graph":[{"@type":"WebPage","@id":"https:\/\/www.hoteldefrance-ornans.com\/appart-hotel\/","url":"https:\/\/www.hoteldefrance-ornans.com\/appart-hotel\/","name":"Aparthotel in der N\u00e4he von Besan\u00e7on, im Doubs in Ornans - H\u00f4tel de France","isPartOf":{"@id":"https:\/\/www.hoteldefrance-ornans.com\/#website"},"datePublished":"2023-02-23T10:16:31+00:00","description":"F\u00fcr Ihre Gesch\u00e4ftsreisen stellt Ihnen das H\u00f4tel de France in Ornans seine Apartments und einen umfassenden Hotelservice zur Verf\u00fcgung.","breadcrumb":{"@id":"https:\/\/www.hoteldefrance-ornans.com\/appart-hotel\/#breadcrumb"},"inLanguage":"de","potentialAction":[{"@type":"ReadAction","target":["https:\/\/www.hoteldefrance-ornans.com\/appart-hotel\/"]}]},{"@type":"BreadcrumbList","@id":"https:\/\/www.hoteldefrance-ornans.com\/appart-hotel\/#breadcrumb","itemListElement":[{"@type":"ListItem","position":1,"name":"Zuhause","item":"https:\/\/www.hoteldefrance-ornans.com\/de\/"},{"@type":"ListItem","position":2,"name":"Aparthotel"}]},{"@type":"WebSite","@id":"https:\/\/www.hoteldefrance-ornans.com\/#website","url":"https:\/\/www.hoteldefrance-ornans.com\/","name":"Hotel de France \u00e0 Ornans","description":"Eine Seite, die Wordpress verwendet","potentialAction":[{"@type":"SearchAction","target":{"@type":"EntryPoint","urlTemplate":"https:\/\/www.hoteldefrance-ornans.com\/?s={search_term_string}"},"query-input":{"@type":"PropertyValueSpecification","valueRequired":true,"valueName":"search_term_string"}}],"inLanguage":"de"}]}},"_links":{"self":[{"href":"https:\/\/www.hoteldefrance-ornans.com\/de\/wp-json\/wp\/v2\/pages\/730","targetHints":{"allow":["GET"]}}],"collection":[{"href":"https:\/\/www.hoteldefrance-ornans.com\/de\/wp-json\/wp\/v2\/pages"}],"about":[{"href":"https:\/\/www.hoteldefrance-ornans.com\/de\/wp-json\/wp\/v2\/types\/page"}],"author":[{"embeddable":true,"href":"https:\/\/www.hoteldefrance-ornans.com\/de\/wp-json\/wp\/v2\/users\/1"}],"replies":[{"embeddable":true,"href":"https:\/\/www.hoteldefrance-ornans.com\/de\/wp-json\/wp\/v2\/comments?post=730"}],"version-history":[{"count":1,"href":"https:\/\/www.hoteldefrance-ornans.com\/de\/wp-json\/wp\/v2\/pages\/730\/revisions"}],"predecessor-version":[{"id":731,"href":"https:\/\/www.hoteldefrance-ornans.com\/de\/wp-json\/wp\/v2\/pages\/730\/revisions\/731"}],"wp:attachment":[{"href":"https:\/\/www.hoteldefrance-ornans.com\/de\/wp-json\/wp\/v2\/media?parent=730"}],"curies":[{"name":"wp","href":"https:\/\/api.w.org\/{rel}","templated":true}]}}