{"id":715,"date":"2023-02-22T15:57:28","date_gmt":"2023-02-22T14:57:28","guid":{"rendered":"https:\/\/www.hoteldefrance-ornans.com\/?page_id=715"},"modified":"2025-06-06T16:30:39","modified_gmt":"2025-06-06T14:30:39","slug":"zimmer","status":"publish","type":"page","link":"https:\/\/www.hoteldefrance-ornans.com\/de\/zimmer\/","title":{"rendered":"Unsere Zimmer"},"content":{"rendered":"\n<p class=\"has-normal-font-size\">In einem charmanten Geb\u00e4ude mit blumengeschm\u00fcckten Au\u00dfenanlagen bietet Ihnen das H\u00f4tel de France einen au\u00dfergew\u00f6hnlichen Rahmen mit einer herzlichen Atmosph\u00e4re. Die <strong>22 Zimmer sowie eine Suite <\/strong>wurden k\u00fcrzlich renoviert und empfangen Sie mit einer schlicht-eleganten Inneneinrichtung.<\/p>\n\n\n\n<p>Inspiriert von der Sch\u00f6nheit der Natur und der Landschaften des <strong>Loue-Tals<\/strong> tauchen Sie in jedem der R\u00e4ume in eine v\u00f6llig einzigartige Welt ein: die Welt des <strong>Angelns<\/strong>. Der \u00e4ltere Teil des <a href=\"https:\/\/www.hoteldefrance-ornans.com\r\n\/de\/charmantes-hotel\/\">H\u00f4tel de France<\/a> aus dem 16. Jahrhundert beherbergt Zimmer mit schlichter Dekoration. Der neuere Fl\u00fcgel des Geb\u00e4udes, der im 19. Jahrhundert erbaut wurde, vereint mehrere Zimmer rund um das <strong>Thema Angeln <\/strong>\u2013 dekoriert mit Bildern von L\u00e4ndern und Regionen, die f\u00fcr ihre fischreichen Fl\u00fcsse bekannt sind. Lassen Sie sich von Ornans aus nach Kanada, England, in die Karibik, oder auch in die Provence und nach Chambord entf\u00fchren.<\/p>\n\n\n\n<p>Vor den Toren des Jura bietet Ihnen das <strong>H\u00f4tel de France in Ornans<\/strong> den Charme und Komfort, den Sie f\u00fcr <strong>Ihre Dienstreise, Ihren Aufenthalt mit der Familie oder zu zweit<\/strong> ben\u00f6tigen. Unsere Zimmer sind vollst\u00e4ndig ausgestattet mit Klimaanlage, Flachbildfernseher, Telefon und WLAN. In den Badezimmern stehen Ihnen verschiedene G\u00e4steartikel mit umweltfreundlicher Pumpfunktion zur Verf\u00fcgung.<\/p>\n\n\n\n<p>Angesichts der Architektur unseres denkmalgesch\u00fctzten Geb\u00e4udes war es bisher nicht einfach, auch Menschen mit eingeschr\u00e4nkter Mobilit\u00e4t einen gelungenen Aufenthalt zu bereiten; dies bedauern wir sehr. Es wurde jedoch eine Baugenehmigung f\u00fcr den Bau eines Aufzugs erteilt. Wir werden die Arbeiten so schnell wie m\u00f6glich beginnen, damit Sie schon bald v\u00f6llig unkompliziert in unsere Zimmer gelangen k\u00f6nnen.<\/p>\n","protected":false},"excerpt":{"rendered":"<p>In einem charmanten Geb\u00e4ude mit blumengeschm\u00fcckten Au\u00dfenanlagen bietet Ihnen das H\u00f4tel de France einen au\u00dfergew\u00f6hnlichen Rahmen mit einer herzlichen Atmosph\u00e4re. Die 22 Zimmer sowie eine Suite wurden k\u00fcrzlich renoviert und empfangen Sie mit einer schlicht-eleganten Inneneinrichtung. Inspiriert von der Sch\u00f6nheit der Natur und der Landschaften des Loue-Tals tauchen Sie in jedem der R\u00e4ume in eine [&hellip;]<\/p>\n","protected":false},"author":1,"featured_media":0,"parent":0,"menu_order":0,"comment_status":"closed","ping_status":"closed","template":"page_liste_chambre.php","meta":{"_acf_changed":false,"footnotes":""},"class_list":["post-715","page","type-page","status-publish","hentry"],"acf":[],"yoast_head":"<!-- This site is optimized with the Yoast SEO plugin v25.8 - https:\/\/yoast.com\/wordpress\/plugins\/seo\/ -->\n<title>Unsere Zimmer in Ornans nahe Jura - H\u00f4tel de France<\/title>\n<meta name=\"description\" content=\"Freuen Sie sich auf eine au\u00dfergew\u00f6hnliche Umgebung f\u00fcr Ihren Familienurlaub im H\u00f4tel de France in Ornans im Departement Doubs. Unsere renovierten Zimmer lassen Sie in L\u00e4nder und Regionen reisen, die f\u00fcr ihre fischreichen Fl\u00fcsse bekannt sind.\" \/>\n<meta name=\"robots\" content=\"index, follow, max-snippet:-1, max-image-preview:large, max-video-preview:-1\" \/>\n<link rel=\"canonical\" href=\"https:\/\/www.hoteldefrance-ornans.com\/de\/zimmer\/\" \/>\n<meta property=\"og:locale\" content=\"de_DE\" \/>\n<meta property=\"og:type\" content=\"article\" \/>\n<meta property=\"og:title\" content=\"Unsere Zimmer in Ornans nahe Jura - H\u00f4tel de France\" \/>\n<meta property=\"og:description\" content=\"Freuen Sie sich auf eine au\u00dfergew\u00f6hnliche Umgebung f\u00fcr Ihren Familienurlaub im H\u00f4tel de France in Ornans im Departement Doubs. Unsere renovierten Zimmer lassen Sie in L\u00e4nder und Regionen reisen, die f\u00fcr ihre fischreichen Fl\u00fcsse bekannt sind.\" \/>\n<meta property=\"og:url\" content=\"https:\/\/www.hoteldefrance-ornans.com\/de\/zimmer\/\" \/>\n<meta property=\"og:site_name\" content=\"Hotel de France \u00e0 Ornans\" \/>\n<meta property=\"article:modified_time\" content=\"2025-06-06T14:30:39+00:00\" \/>\n<meta name=\"twitter:card\" content=\"summary_large_image\" \/>\n<meta name=\"twitter:label1\" content=\"Gesch\u00e4tzte Lesezeit\" \/>\n\t<meta name=\"twitter:data1\" content=\"2\u00a0Minuten\" \/>\n<script type=\"application\/ld+json\" class=\"yoast-schema-graph\">{\"@context\":\"https:\/\/schema.org\",\"@graph\":[{\"@type\":\"WebPage\",\"@id\":\"https:\/\/www.hoteldefrance-ornans.com\/de\/zimmer\/\",\"url\":\"https:\/\/www.hoteldefrance-ornans.com\/de\/zimmer\/\",\"name\":\"Unsere Zimmer in Ornans nahe Jura - H\u00f4tel de France\",\"isPartOf\":{\"@id\":\"https:\/\/www.hoteldefrance-ornans.com\/#website\"},\"datePublished\":\"2023-02-22T14:57:28+00:00\",\"dateModified\":\"2025-06-06T14:30:39+00:00\",\"description\":\"Freuen Sie sich auf eine au\u00dfergew\u00f6hnliche Umgebung f\u00fcr Ihren Familienurlaub im H\u00f4tel de France in Ornans im Departement Doubs. Unsere renovierten Zimmer lassen Sie in L\u00e4nder und Regionen reisen, die f\u00fcr ihre fischreichen Fl\u00fcsse bekannt sind.\",\"breadcrumb\":{\"@id\":\"https:\/\/www.hoteldefrance-ornans.com\/de\/zimmer\/#breadcrumb\"},\"inLanguage\":\"de\",\"potentialAction\":[{\"@type\":\"ReadAction\",\"target\":[\"https:\/\/www.hoteldefrance-ornans.com\/de\/zimmer\/\"]}]},{\"@type\":\"BreadcrumbList\",\"@id\":\"https:\/\/www.hoteldefrance-ornans.com\/de\/zimmer\/#breadcrumb\",\"itemListElement\":[{\"@type\":\"ListItem\",\"position\":1,\"name\":\"Zuhause\",\"item\":\"https:\/\/www.hoteldefrance-ornans.com\/de\/\"},{\"@type\":\"ListItem\",\"position\":2,\"name\":\"Unsere Zimmer\"}]},{\"@type\":\"WebSite\",\"@id\":\"https:\/\/www.hoteldefrance-ornans.com\/#website\",\"url\":\"https:\/\/www.hoteldefrance-ornans.com\/\",\"name\":\"Hotel de France \u00e0 Ornans\",\"description\":\"Eine Seite, die Wordpress verwendet\",\"potentialAction\":[{\"@type\":\"SearchAction\",\"target\":{\"@type\":\"EntryPoint\",\"urlTemplate\":\"https:\/\/www.hoteldefrance-ornans.com\/?s={search_term_string}\"},\"query-input\":{\"@type\":\"PropertyValueSpecification\",\"valueRequired\":true,\"valueName\":\"search_term_string\"}}],\"inLanguage\":\"de\"}]}<\/script>\n<!-- \/ Yoast SEO plugin. -->","yoast_head_json":{"title":"Unsere Zimmer in Ornans nahe Jura - H\u00f4tel de France","description":"Freuen Sie sich auf eine au\u00dfergew\u00f6hnliche Umgebung f\u00fcr Ihren Familienurlaub im H\u00f4tel de France in Ornans im Departement Doubs. Unsere renovierten Zimmer lassen Sie in L\u00e4nder und Regionen reisen, die f\u00fcr ihre fischreichen Fl\u00fcsse bekannt sind.","robots":{"index":"index","follow":"follow","max-snippet":"max-snippet:-1","max-image-preview":"max-image-preview:large","max-video-preview":"max-video-preview:-1"},"canonical":"https:\/\/www.hoteldefrance-ornans.com\/de\/zimmer\/","og_locale":"de_DE","og_type":"article","og_title":"Unsere Zimmer in Ornans nahe Jura - H\u00f4tel de France","og_description":"Freuen Sie sich auf eine au\u00dfergew\u00f6hnliche Umgebung f\u00fcr Ihren Familienurlaub im H\u00f4tel de France in Ornans im Departement Doubs. Unsere renovierten Zimmer lassen Sie in L\u00e4nder und Regionen reisen, die f\u00fcr ihre fischreichen Fl\u00fcsse bekannt sind.","og_url":"https:\/\/www.hoteldefrance-ornans.com\/de\/zimmer\/","og_site_name":"Hotel de France \u00e0 Ornans","article_modified_time":"2025-06-06T14:30:39+00:00","twitter_card":"summary_large_image","twitter_misc":{"Gesch\u00e4tzte Lesezeit":"2\u00a0Minuten"},"schema":{"@context":"https:\/\/schema.org","@graph":[{"@type":"WebPage","@id":"https:\/\/www.hoteldefrance-ornans.com\/de\/zimmer\/","url":"https:\/\/www.hoteldefrance-ornans.com\/de\/zimmer\/","name":"Unsere Zimmer in Ornans nahe Jura - H\u00f4tel de France","isPartOf":{"@id":"https:\/\/www.hoteldefrance-ornans.com\/#website"},"datePublished":"2023-02-22T14:57:28+00:00","dateModified":"2025-06-06T14:30:39+00:00","description":"Freuen Sie sich auf eine au\u00dfergew\u00f6hnliche Umgebung f\u00fcr Ihren Familienurlaub im H\u00f4tel de France in Ornans im Departement Doubs. Unsere renovierten Zimmer lassen Sie in L\u00e4nder und Regionen reisen, die f\u00fcr ihre fischreichen Fl\u00fcsse bekannt sind.","breadcrumb":{"@id":"https:\/\/www.hoteldefrance-ornans.com\/de\/zimmer\/#breadcrumb"},"inLanguage":"de","potentialAction":[{"@type":"ReadAction","target":["https:\/\/www.hoteldefrance-ornans.com\/de\/zimmer\/"]}]},{"@type":"BreadcrumbList","@id":"https:\/\/www.hoteldefrance-ornans.com\/de\/zimmer\/#breadcrumb","itemListElement":[{"@type":"ListItem","position":1,"name":"Zuhause","item":"https:\/\/www.hoteldefrance-ornans.com\/de\/"},{"@type":"ListItem","position":2,"name":"Unsere Zimmer"}]},{"@type":"WebSite","@id":"https:\/\/www.hoteldefrance-ornans.com\/#website","url":"https:\/\/www.hoteldefrance-ornans.com\/","name":"Hotel de France \u00e0 Ornans","description":"Eine Seite, die Wordpress verwendet","potentialAction":[{"@type":"SearchAction","target":{"@type":"EntryPoint","urlTemplate":"https:\/\/www.hoteldefrance-ornans.com\/?s={search_term_string}"},"query-input":{"@type":"PropertyValueSpecification","valueRequired":true,"valueName":"search_term_string"}}],"inLanguage":"de"}]}},"_links":{"self":[{"href":"https:\/\/www.hoteldefrance-ornans.com\/de\/wp-json\/wp\/v2\/pages\/715","targetHints":{"allow":["GET"]}}],"collection":[{"href":"https:\/\/www.hoteldefrance-ornans.com\/de\/wp-json\/wp\/v2\/pages"}],"about":[{"href":"https:\/\/www.hoteldefrance-ornans.com\/de\/wp-json\/wp\/v2\/types\/page"}],"author":[{"embeddable":true,"href":"https:\/\/www.hoteldefrance-ornans.com\/de\/wp-json\/wp\/v2\/users\/1"}],"replies":[{"embeddable":true,"href":"https:\/\/www.hoteldefrance-ornans.com\/de\/wp-json\/wp\/v2\/comments?post=715"}],"version-history":[{"count":4,"href":"https:\/\/www.hoteldefrance-ornans.com\/de\/wp-json\/wp\/v2\/pages\/715\/revisions"}],"predecessor-version":[{"id":1006,"href":"https:\/\/www.hoteldefrance-ornans.com\/de\/wp-json\/wp\/v2\/pages\/715\/revisions\/1006"}],"wp:attachment":[{"href":"https:\/\/www.hoteldefrance-ornans.com\/de\/wp-json\/wp\/v2\/media?parent=715"}],"curies":[{"name":"wp","href":"https:\/\/api.w.org\/{rel}","templated":true}]}}