{"id":691,"date":"2020-05-12T10:16:57","date_gmt":"2020-05-12T08:16:57","guid":{"rendered":"https:\/\/www.hoteldefrance-ornans.com\r\n\/hotel-ecologique\/"},"modified":"2023-02-24T09:27:18","modified_gmt":"2023-02-24T08:27:18","slug":"charmantes-hotel","status":"publish","type":"page","link":"https:\/\/www.hoteldefrance-ornans.com\/de\/charmantes-hotel\/","title":{"rendered":"Ein charmantes Hotel"},"content":{"rendered":"\n<h2 class=\"wp-block-heading\">Das Hotel und seine Geschichte<\/h2>\n\n\n\n<p class=\"has-black-color has-text-color\">Das H\u00f4tel de France liegt im Herzen des <strong>Loue-Tals<\/strong> in Ornans, in einem charmanten, einladenden Geb\u00e4ude mit liebevoller Einrichtung. An seinem heutigen Standort befanden sich in der Vergangenheit zahlreiche andere Einrichtungen: Das Geb\u00e4ude beherbergte im 16. Jahrhundert zun\u00e4chst die Hostellerie du Soleil d&#8217;Or, dann das H\u00f4tel des Voyageurs, bevor es vierhundert Jahre sp\u00e4ter schlie\u00dflich zum H\u00f4tel de France wurde. <\/p>\n\n\n\n<div style=\"height:20px\" aria-hidden=\"true\" class=\"wp-block-spacer\"><\/div>\n\n\n\n<p>Im vorigen Jahrhundert war das Geb\u00e4ude ein beliebter Ort bei Cineasten, da es das erste Kino von Ornans beherbergte. Seine Zimmer und Au\u00dfenanlagen dienten au\u00dferdem als Kulisse f\u00fcr zahlreiche Filme. F\u00fcr Naturliebhaber, Fans von Oldtimer-Rallyes, Pilger auf der Via Francigena und Fliegenfischer hat sich das H\u00f4tel de France im Laufe der Zeit zu einem der wichtigsten Anlaufpunkte der Region entwickelt.<\/p>\n\n\n\n<p>Das H\u00f4tel de France ist eines der \u00e4ltesten Geb\u00e4ude von Ornans sowie eines der \u00e4ltesten Hotels Frankreichs.<\/p>\n\n\n\n<h2 class=\"wp-block-heading\">Ein umweltbewusstes Konzept<\/h2>\n\n\n\n<p>Im frisch renovierten <strong>H\u00f4tel de France in Ornans<\/strong> wird gro\u00dfer Wert auf Umweltbewusstsein und ein \u00f6kologisches Konzept gelegt, um die idyllische Umgebung des Hotels vor den Toren des Jura zu bewahren: <a href=\"https:\/\/www.hoteldefrance-ornans.com\r\n\/de\/loue-tal\/\">das Tal der Loue<\/a>.&nbsp;<\/p>\n\n\n\n<p>Im Sinne dieses <strong>umweltfreundlichen Konzepts<\/strong> verwenden wir im H\u00f4tel de France Reinigungsmittel mit dem <strong>Europ\u00e4ischen Umweltzeichen<\/strong>. Sowohl die Beh\u00e4lter als auch ihre Inhalte schaden der Umwelt nicht. Jedes Badezimmer im Hotel wurde mit speziellen Duschk\u00f6pfen ausgestattet, die zum Wassersparen anregen. Im H\u00f4tel de France wird au\u00dferdem auf saubere und elektrische Energie gesetzt, um die R\u00e4ume zu temperieren.<\/p>\n\n\n\n<p>Um nachhaltige Mobilit\u00e4t zu f\u00f6rdern, wurde der an das Hotel angrenzende Parkplatz mit <strong>Ladestationen f\u00fcr Elektrofahrzeuge<\/strong> ausgestattet. Au\u00dferdem wurde ein <strong>sicherer Fahrradparkplatz<\/strong> eingerichtet \u2013 perfekt f\u00fcr radfahrende G\u00e4ste, die die Stra\u00dfen des Loue-Tals erkunden m\u00f6chten.<\/p>\n\n\n\n<p>Unsere \u00d6ko-Initiative entdecken Sie auch in unserem Fr\u00fchst\u00fccksangebot. Die verschiedenen Produkte haben wir sorgf\u00e4ltig f\u00fcr Sie ausgew\u00e4hlt.&nbsp;Wir achten darauf, ein <a href=\"https:\/\/www.hoteldefrance-ornans.com\r\n\/de\/fruhstuck\/\">Fr\u00fchst\u00fcck<\/a> aus <strong>lokalen Produkten<\/strong> zusammenzustellen, die uns auf <strong>kurzen Transportwegen erreichen<\/strong>.<\/p>\n\n\n\n<p>Das H\u00f4tel de France setzt sich daf\u00fcr ein, Ihnen eine entspannte Auszeit zu bereiten, bei der die Umwelt und Natur stets respektiert werden.<\/p>\n","protected":false},"excerpt":{"rendered":"<p>Das Hotel und seine Geschichte Das H\u00f4tel de France liegt im Herzen des Loue-Tals in Ornans, in einem charmanten, einladenden Geb\u00e4ude mit liebevoller Einrichtung. An seinem heutigen Standort befanden sich in der Vergangenheit zahlreiche andere Einrichtungen: Das Geb\u00e4ude beherbergte im 16. Jahrhundert zun\u00e4chst die Hostellerie du Soleil d&#8217;Or, dann das H\u00f4tel des Voyageurs, bevor es [&hellip;]<\/p>\n","protected":false},"author":1,"featured_media":0,"parent":0,"menu_order":0,"comment_status":"closed","ping_status":"closed","template":"page.php","meta":{"_acf_changed":false,"footnotes":""},"class_list":["post-691","page","type-page","status-publish","hentry"],"acf":[],"yoast_head":"<!-- This site is optimized with the Yoast SEO plugin v25.8 - https:\/\/yoast.com\/wordpress\/plugins\/seo\/ -->\n<title>Umweltbewusstes Hotel in Ornans im Doubs, in der N\u00e4he des Jura - H\u00f4tel de France<\/title>\n<meta name=\"description\" content=\"Das H\u00f4tel de France liegt im Herzen des Loue-Tals in Ornans und verfolgt ein \u00f6kologisches Konzept, um die Sch\u00f6nheit seiner Umgebung zu bewahren.\" \/>\n<meta name=\"robots\" content=\"index, follow, max-snippet:-1, max-image-preview:large, max-video-preview:-1\" \/>\n<link rel=\"canonical\" href=\"https:\/\/www.hoteldefrance-ornans.com\/hotel-ecologique\/\" \/>\n<meta property=\"og:locale\" content=\"de_DE\" \/>\n<meta property=\"og:type\" content=\"article\" \/>\n<meta property=\"og:title\" content=\"Umweltbewusstes Hotel in Ornans im Doubs, in der N\u00e4he des Jura - H\u00f4tel de France\" \/>\n<meta property=\"og:description\" content=\"Das H\u00f4tel de France liegt im Herzen des Loue-Tals in Ornans und verfolgt ein \u00f6kologisches Konzept, um die Sch\u00f6nheit seiner Umgebung zu bewahren.\" \/>\n<meta property=\"og:url\" content=\"https:\/\/www.hoteldefrance-ornans.com\/hotel-ecologique\/\" \/>\n<meta property=\"og:site_name\" content=\"Hotel de France \u00e0 Ornans\" \/>\n<meta property=\"article:modified_time\" content=\"2023-02-24T08:27:18+00:00\" \/>\n<meta name=\"twitter:card\" content=\"summary_large_image\" \/>\n<meta name=\"twitter:label1\" content=\"Gesch\u00e4tzte Lesezeit\" \/>\n\t<meta name=\"twitter:data1\" content=\"2\u00a0Minuten\" \/>\n<script type=\"application\/ld+json\" class=\"yoast-schema-graph\">{\"@context\":\"https:\/\/schema.org\",\"@graph\":[{\"@type\":\"WebPage\",\"@id\":\"https:\/\/www.hoteldefrance-ornans.com\/hotel-ecologique\/\",\"url\":\"https:\/\/www.hoteldefrance-ornans.com\/hotel-ecologique\/\",\"name\":\"Umweltbewusstes Hotel in Ornans im Doubs, in der N\u00e4he des Jura - H\u00f4tel de France\",\"isPartOf\":{\"@id\":\"https:\/\/www.hoteldefrance-ornans.com\/#website\"},\"datePublished\":\"2020-05-12T08:16:57+00:00\",\"dateModified\":\"2023-02-24T08:27:18+00:00\",\"description\":\"Das H\u00f4tel de France liegt im Herzen des Loue-Tals in Ornans und verfolgt ein \u00f6kologisches Konzept, um die Sch\u00f6nheit seiner Umgebung zu bewahren.\",\"breadcrumb\":{\"@id\":\"https:\/\/www.hoteldefrance-ornans.com\/hotel-ecologique\/#breadcrumb\"},\"inLanguage\":\"de\",\"potentialAction\":[{\"@type\":\"ReadAction\",\"target\":[\"https:\/\/www.hoteldefrance-ornans.com\/hotel-ecologique\/\"]}]},{\"@type\":\"BreadcrumbList\",\"@id\":\"https:\/\/www.hoteldefrance-ornans.com\/hotel-ecologique\/#breadcrumb\",\"itemListElement\":[{\"@type\":\"ListItem\",\"position\":1,\"name\":\"Zuhause\",\"item\":\"https:\/\/www.hoteldefrance-ornans.com\/de\/\"},{\"@type\":\"ListItem\",\"position\":2,\"name\":\"Ein charmantes Hotel\"}]},{\"@type\":\"WebSite\",\"@id\":\"https:\/\/www.hoteldefrance-ornans.com\/#website\",\"url\":\"https:\/\/www.hoteldefrance-ornans.com\/\",\"name\":\"Hotel de France \u00e0 Ornans\",\"description\":\"Eine Seite, die Wordpress verwendet\",\"potentialAction\":[{\"@type\":\"SearchAction\",\"target\":{\"@type\":\"EntryPoint\",\"urlTemplate\":\"https:\/\/www.hoteldefrance-ornans.com\/?s={search_term_string}\"},\"query-input\":{\"@type\":\"PropertyValueSpecification\",\"valueRequired\":true,\"valueName\":\"search_term_string\"}}],\"inLanguage\":\"de\"}]}<\/script>\n<!-- \/ Yoast SEO plugin. -->","yoast_head_json":{"title":"Umweltbewusstes Hotel in Ornans im Doubs, in der N\u00e4he des Jura - H\u00f4tel de France","description":"Das H\u00f4tel de France liegt im Herzen des Loue-Tals in Ornans und verfolgt ein \u00f6kologisches Konzept, um die Sch\u00f6nheit seiner Umgebung zu bewahren.","robots":{"index":"index","follow":"follow","max-snippet":"max-snippet:-1","max-image-preview":"max-image-preview:large","max-video-preview":"max-video-preview:-1"},"canonical":"https:\/\/www.hoteldefrance-ornans.com\/hotel-ecologique\/","og_locale":"de_DE","og_type":"article","og_title":"Umweltbewusstes Hotel in Ornans im Doubs, in der N\u00e4he des Jura - H\u00f4tel de France","og_description":"Das H\u00f4tel de France liegt im Herzen des Loue-Tals in Ornans und verfolgt ein \u00f6kologisches Konzept, um die Sch\u00f6nheit seiner Umgebung zu bewahren.","og_url":"https:\/\/www.hoteldefrance-ornans.com\/hotel-ecologique\/","og_site_name":"Hotel de France \u00e0 Ornans","article_modified_time":"2023-02-24T08:27:18+00:00","twitter_card":"summary_large_image","twitter_misc":{"Gesch\u00e4tzte Lesezeit":"2\u00a0Minuten"},"schema":{"@context":"https:\/\/schema.org","@graph":[{"@type":"WebPage","@id":"https:\/\/www.hoteldefrance-ornans.com\/hotel-ecologique\/","url":"https:\/\/www.hoteldefrance-ornans.com\/hotel-ecologique\/","name":"Umweltbewusstes Hotel in Ornans im Doubs, in der N\u00e4he des Jura - H\u00f4tel de France","isPartOf":{"@id":"https:\/\/www.hoteldefrance-ornans.com\/#website"},"datePublished":"2020-05-12T08:16:57+00:00","dateModified":"2023-02-24T08:27:18+00:00","description":"Das H\u00f4tel de France liegt im Herzen des Loue-Tals in Ornans und verfolgt ein \u00f6kologisches Konzept, um die Sch\u00f6nheit seiner Umgebung zu bewahren.","breadcrumb":{"@id":"https:\/\/www.hoteldefrance-ornans.com\/hotel-ecologique\/#breadcrumb"},"inLanguage":"de","potentialAction":[{"@type":"ReadAction","target":["https:\/\/www.hoteldefrance-ornans.com\/hotel-ecologique\/"]}]},{"@type":"BreadcrumbList","@id":"https:\/\/www.hoteldefrance-ornans.com\/hotel-ecologique\/#breadcrumb","itemListElement":[{"@type":"ListItem","position":1,"name":"Zuhause","item":"https:\/\/www.hoteldefrance-ornans.com\/de\/"},{"@type":"ListItem","position":2,"name":"Ein charmantes Hotel"}]},{"@type":"WebSite","@id":"https:\/\/www.hoteldefrance-ornans.com\/#website","url":"https:\/\/www.hoteldefrance-ornans.com\/","name":"Hotel de France \u00e0 Ornans","description":"Eine Seite, die Wordpress verwendet","potentialAction":[{"@type":"SearchAction","target":{"@type":"EntryPoint","urlTemplate":"https:\/\/www.hoteldefrance-ornans.com\/?s={search_term_string}"},"query-input":{"@type":"PropertyValueSpecification","valueRequired":true,"valueName":"search_term_string"}}],"inLanguage":"de"}]}},"_links":{"self":[{"href":"https:\/\/www.hoteldefrance-ornans.com\/de\/wp-json\/wp\/v2\/pages\/691","targetHints":{"allow":["GET"]}}],"collection":[{"href":"https:\/\/www.hoteldefrance-ornans.com\/de\/wp-json\/wp\/v2\/pages"}],"about":[{"href":"https:\/\/www.hoteldefrance-ornans.com\/de\/wp-json\/wp\/v2\/types\/page"}],"author":[{"embeddable":true,"href":"https:\/\/www.hoteldefrance-ornans.com\/de\/wp-json\/wp\/v2\/users\/1"}],"replies":[{"embeddable":true,"href":"https:\/\/www.hoteldefrance-ornans.com\/de\/wp-json\/wp\/v2\/comments?post=691"}],"version-history":[{"count":5,"href":"https:\/\/www.hoteldefrance-ornans.com\/de\/wp-json\/wp\/v2\/pages\/691\/revisions"}],"predecessor-version":[{"id":867,"href":"https:\/\/www.hoteldefrance-ornans.com\/de\/wp-json\/wp\/v2\/pages\/691\/revisions\/867"}],"wp:attachment":[{"href":"https:\/\/www.hoteldefrance-ornans.com\/de\/wp-json\/wp\/v2\/media?parent=691"}],"curies":[{"name":"wp","href":"https:\/\/api.w.org\/{rel}","templated":true}]}}